{"id":6466,"date":"2023-12-01T02:59:56","date_gmt":"2023-12-01T02:59:56","guid":{"rendered":"https:\/\/husch-autoteile.de\/?page_id=6466"},"modified":"2025-10-10T16:25:05","modified_gmt":"2025-10-10T16:25:05","slug":"oldtimerteile","status":"publish","type":"page","link":"https:\/\/husch-autoteile.de\/?page_id=6466","title":{"rendered":"OLDTIMERTEILE"},"content":{"rendered":"\t\t<div data-elementor-type=\"wp-page\" data-elementor-id=\"6466\" class=\"elementor elementor-6466\" data-elementor-post-type=\"page\">\n\t\t\t\t\t\t<section class=\"elementor-section elementor-top-section elementor-element elementor-element-36c0f15 elementor-section-boxed elementor-section-height-default elementor-section-height-default\" data-id=\"36c0f15\" data-element_type=\"section\" data-e-type=\"section\">\n\t\t\t\t\t\t<div class=\"elementor-container elementor-column-gap-default\">\n\t\t\t\t\t<div class=\"elementor-column elementor-col-100 elementor-top-column elementor-element elementor-element-3f23bb7\" data-id=\"3f23bb7\" data-element_type=\"column\" data-e-type=\"column\">\n\t\t\t<div class=\"elementor-widget-wrap elementor-element-populated\">\n\t\t\t\t\t\t<div class=\"elementor-element elementor-element-f4598ff elementor-widget elementor-widget-heading\" data-id=\"f4598ff\" data-element_type=\"widget\" data-e-type=\"widget\" data-widget_type=\"heading.default\">\n\t\t\t\t<div class=\"elementor-widget-container\">\n\t\t\t\t\t<h3 class=\"elementor-heading-title elementor-size-medium\">ERSATZTEILE F\u00dcR OLDTIMER<\/h3>\t\t\t\t<\/div>\n\t\t\t\t<\/div>\n\t\t\t\t\t<\/div>\n\t\t<\/div>\n\t\t\t\t\t<\/div>\n\t\t<\/section>\n\t\t\t\t<section class=\"elementor-section elementor-top-section elementor-element elementor-element-9016718 elementor-section-boxed elementor-section-height-default elementor-section-height-default\" data-id=\"9016718\" data-element_type=\"section\" data-e-type=\"section\">\n\t\t\t\t\t\t<div class=\"elementor-container elementor-column-gap-default\">\n\t\t\t\t\t<div class=\"elementor-column elementor-col-50 elementor-top-column elementor-element elementor-element-ff38004\" data-id=\"ff38004\" data-element_type=\"column\" data-e-type=\"column\">\n\t\t\t<div class=\"elementor-widget-wrap elementor-element-populated\">\n\t\t\t\t\t\t<div class=\"elementor-element elementor-element-14da970 elementor-widget elementor-widget-text-editor\" data-id=\"14da970\" data-element_type=\"widget\" data-e-type=\"widget\" data-widget_type=\"text-editor.default\">\n\t\t\t\t<div class=\"elementor-widget-container\">\n\t\t\t\t\t\t\t\t\t<p><span style=\"font-family: arial, helvetica, sans-serif; font-size: 12pt;\"><b>UMFANGREICHES SORTIMENT BZW. SONDERPOSTEN AN OLDTIMER ERSATZTEILEN.<\/b><\/span><\/p><p>Lassen Sie Ihren Oldtimer wieder aufleben! Bei Husch Autoteile finden Sie ein umfangreiches Sortiment an Sonderposten an Oldtimer-Ersatzteilen. Von Scheinwerfern \u00fcber Motorenteile bis hin zu R\u00fcckleuchten und K\u00fchlern \u2013 wir haben vieles, was das Schrauberherz begehrt.\u00a0<\/p>\t\t\t\t\t\t\t\t<\/div>\n\t\t\t\t<\/div>\n\t\t\t\t\t<\/div>\n\t\t<\/div>\n\t\t\t\t<div class=\"elementor-column elementor-col-50 elementor-top-column elementor-element elementor-element-686ad60\" data-id=\"686ad60\" data-element_type=\"column\" data-e-type=\"column\">\n\t\t\t<div class=\"elementor-widget-wrap elementor-element-populated\">\n\t\t\t\t\t\t<div class=\"elementor-element elementor-element-a478e20 elementor-widget elementor-widget-text-editor\" data-id=\"a478e20\" data-element_type=\"widget\" data-e-type=\"widget\" data-widget_type=\"text-editor.default\">\n\t\t\t\t<div class=\"elementor-widget-container\">\n\t\t\t\t\t\t\t\t\t<p><span style=\"font-family: arial, helvetica, sans-serif; font-size: 12pt;\"><b>Gerne bieten wir die Ersatzteile auch als Gesamtposten an, Sprechen Sie uns an.<\/b><\/span><\/p><p>Wir bieten Ihnen eine beeindruckende Auswahl an Oldtimer Ersatzteilen in gro\u00dfem Umfang. Egal, ob Sie nach spezifischen Teilen f\u00fcr eine Restaurierung oder allgemeinen Ersatzteilen f\u00fcr die Wartung suchen, bei uns werden Sie f\u00fcndig.\u00a0<\/p>\t\t\t\t\t\t\t\t<\/div>\n\t\t\t\t<\/div>\n\t\t\t\t\t<\/div>\n\t\t<\/div>\n\t\t\t\t\t<\/div>\n\t\t<\/section>\n\t\t\t\t<section class=\"elementor-section elementor-top-section elementor-element elementor-element-19f14db elementor-section-boxed elementor-section-height-default elementor-section-height-default\" data-id=\"19f14db\" data-element_type=\"section\" data-e-type=\"section\">\n\t\t\t\t\t\t<div class=\"elementor-container elementor-column-gap-default\">\n\t\t\t\t\t<div class=\"elementor-column elementor-col-100 elementor-top-column elementor-element elementor-element-70c9005\" data-id=\"70c9005\" data-element_type=\"column\" data-e-type=\"column\">\n\t\t\t<div class=\"elementor-widget-wrap elementor-element-populated\">\n\t\t\t\t\t\t<div class=\"elementor-element elementor-element-0aed2cc elementor-widget-divider--view-line elementor-widget elementor-widget-divider\" data-id=\"0aed2cc\" data-element_type=\"widget\" data-e-type=\"widget\" data-widget_type=\"divider.default\">\n\t\t\t\t<div class=\"elementor-widget-container\">\n\t\t\t\t\t\t\t<div class=\"elementor-divider\">\n\t\t\t<span class=\"elementor-divider-separator\">\n\t\t\t\t\t\t<\/span>\n\t\t<\/div>\n\t\t\t\t\t\t<\/div>\n\t\t\t\t<\/div>\n\t\t\t\t\t<\/div>\n\t\t<\/div>\n\t\t\t\t\t<\/div>\n\t\t<\/section>\n\t\t<div class=\"elementor-element elementor-element-432da06 e-flex e-con-boxed e-con e-parent\" data-id=\"432da06\" data-element_type=\"container\" data-e-type=\"container\">\n\t\t\t\t\t<div class=\"e-con-inner\">\n\t\t\t\t<div class=\"elementor-element elementor-element-2034ff2 elementor-widget elementor-widget-image\" data-id=\"2034ff2\" data-element_type=\"widget\" data-e-type=\"widget\" data-widget_type=\"image.default\">\n\t\t\t\t<div class=\"elementor-widget-container\">\n\t\t\t\t\t\t\t\t\t\t\t\t\t\t\t<img fetchpriority=\"high\" decoding=\"async\" width=\"720\" height=\"540\" src=\"https:\/\/husch-autoteile.de\/wp-content\/uploads\/2025\/10\/100_5098-1024x768.jpg\" class=\"attachment-large size-large wp-image-40902\" alt=\"\" srcset=\"https:\/\/husch-autoteile.de\/wp-content\/uploads\/2025\/10\/100_5098-1024x768.jpg 1024w, https:\/\/husch-autoteile.de\/wp-content\/uploads\/2025\/10\/100_5098-300x225.jpg 300w, https:\/\/husch-autoteile.de\/wp-content\/uploads\/2025\/10\/100_5098-768x576.jpg 768w, https:\/\/husch-autoteile.de\/wp-content\/uploads\/2025\/10\/100_5098-1536x1152.jpg 1536w, https:\/\/husch-autoteile.de\/wp-content\/uploads\/2025\/10\/100_5098-2048x1536.jpg 2048w\" sizes=\"(max-width: 720px) 100vw, 720px\" \/>\t\t\t\t\t\t\t\t\t\t\t\t\t\t\t<\/div>\n\t\t\t\t<\/div>\n\t\t\t\t\t<\/div>\n\t\t\t\t<\/div>\n\t\t\t\t<section class=\"elementor-section elementor-top-section elementor-element elementor-element-baf21f7 elementor-section-boxed elementor-section-height-default elementor-section-height-default\" data-id=\"baf21f7\" data-element_type=\"section\" data-e-type=\"section\">\n\t\t\t\t\t\t<div class=\"elementor-container elementor-column-gap-default\">\n\t\t\t\t\t<div class=\"elementor-column elementor-col-100 elementor-top-column elementor-element elementor-element-4a4ed1b\" data-id=\"4a4ed1b\" data-element_type=\"column\" data-e-type=\"column\">\n\t\t\t<div class=\"elementor-widget-wrap elementor-element-populated\">\n\t\t\t\t\t\t<div class=\"elementor-element elementor-element-a265ebe elementor-widget-divider--view-line elementor-widget elementor-widget-divider\" data-id=\"a265ebe\" data-element_type=\"widget\" data-e-type=\"widget\" data-widget_type=\"divider.default\">\n\t\t\t\t<div class=\"elementor-widget-container\">\n\t\t\t\t\t\t\t<div class=\"elementor-divider\">\n\t\t\t<span class=\"elementor-divider-separator\">\n\t\t\t\t\t\t<\/span>\n\t\t<\/div>\n\t\t\t\t\t\t<\/div>\n\t\t\t\t<\/div>\n\t\t\t\t\t<\/div>\n\t\t<\/div>\n\t\t\t\t\t<\/div>\n\t\t<\/section>\n\t\t<div class=\"elementor-element elementor-element-3954db2 e-flex e-con-boxed e-con e-parent\" data-id=\"3954db2\" data-element_type=\"container\" data-e-type=\"container\">\n\t\t\t\t\t<div class=\"e-con-inner\">\n\t\t\t\t<div class=\"elementor-element elementor-element-03bb11d elementor-widget elementor-widget-image\" data-id=\"03bb11d\" data-element_type=\"widget\" data-e-type=\"widget\" data-widget_type=\"image.default\">\n\t\t\t\t<div class=\"elementor-widget-container\">\n\t\t\t\t\t\t\t\t\t\t\t\t\t\t\t<img decoding=\"async\" width=\"720\" height=\"540\" src=\"https:\/\/husch-autoteile.de\/wp-content\/uploads\/2025\/10\/100_5099-1024x768.jpg\" class=\"attachment-large size-large wp-image-40906\" alt=\"\" srcset=\"https:\/\/husch-autoteile.de\/wp-content\/uploads\/2025\/10\/100_5099-1024x768.jpg 1024w, https:\/\/husch-autoteile.de\/wp-content\/uploads\/2025\/10\/100_5099-300x225.jpg 300w, https:\/\/husch-autoteile.de\/wp-content\/uploads\/2025\/10\/100_5099-768x576.jpg 768w, https:\/\/husch-autoteile.de\/wp-content\/uploads\/2025\/10\/100_5099-1536x1152.jpg 1536w, https:\/\/husch-autoteile.de\/wp-content\/uploads\/2025\/10\/100_5099-2048x1536.jpg 2048w\" sizes=\"(max-width: 720px) 100vw, 720px\" \/>\t\t\t\t\t\t\t\t\t\t\t\t\t\t\t<\/div>\n\t\t\t\t<\/div>\n\t\t\t\t\t<\/div>\n\t\t\t\t<\/div>\n\t\t<div class=\"elementor-element elementor-element-9a3210d e-flex e-con-boxed e-con e-parent\" data-id=\"9a3210d\" data-element_type=\"container\" data-e-type=\"container\">\n\t\t\t\t\t<div class=\"e-con-inner\">\n\t\t\t\t\t<\/div>\n\t\t\t\t<\/div>\n\t\t\t\t<\/div>\n\t\t","protected":false},"excerpt":{"rendered":"<p>ERSATZTEILE F\u00dcR OLDTIMER UMFANGREICHES SORTIMENT BZW. SONDERPOSTEN AN OLDTIMER ERSATZTEILEN. Lassen Sie Ihren Oldtimer wieder aufleben! Bei Husch Autoteile finden Sie ein umfangreiches Sortiment an Sonderposten an Oldtimer-Ersatzteilen. Von Scheinwerfern \u00fcber Motorenteile bis hin zu R\u00fcckleuchten und K\u00fchlern \u2013 wir haben vieles, was das Schrauberherz begehrt.\u00a0 Gerne bieten wir die Ersatzteile auch als Gesamtposten an, [&hellip;]<\/p>\n","protected":false},"author":1,"featured_media":6490,"parent":0,"menu_order":0,"comment_status":"closed","ping_status":"closed","template":"home-panels.php","meta":{"_acf_changed":false,"footnotes":""},"class_list":["post-6466","page","type-page","status-publish","has-post-thumbnail","hentry","post","post-with-thumbnail","post-with-thumbnail-large"],"acf":[],"yoast_head":"<!-- This site is optimized with the Yoast SEO plugin v27.4 - https:\/\/yoast.com\/product\/yoast-seo-wordpress\/ -->\n<title>OLDTIMERTEILE - HUSCH - Ihr Profi f\u00fcr Autoteile und Commonrailsysteme | Forst | Karlsruhe | Bruchsal<\/title>\n<meta name=\"robots\" content=\"index, follow, max-snippet:-1, max-image-preview:large, max-video-preview:-1\" \/>\n<link rel=\"canonical\" href=\"https:\/\/husch-autoteile.de\/?page_id=6466\" \/>\n<meta property=\"og:locale\" content=\"de_DE\" \/>\n<meta property=\"og:type\" content=\"article\" \/>\n<meta property=\"og:title\" content=\"OLDTIMERTEILE - HUSCH - Ihr Profi f\u00fcr Autoteile und Commonrailsysteme | Forst | Karlsruhe | Bruchsal\" \/>\n<meta property=\"og:description\" content=\"ERSATZTEILE F\u00dcR OLDTIMER UMFANGREICHES SORTIMENT BZW. SONDERPOSTEN AN OLDTIMER ERSATZTEILEN. Lassen Sie Ihren Oldtimer wieder aufleben! Bei Husch Autoteile finden Sie ein umfangreiches Sortiment an Sonderposten an Oldtimer-Ersatzteilen. Von Scheinwerfern \u00fcber Motorenteile bis hin zu R\u00fcckleuchten und K\u00fchlern \u2013 wir haben vieles, was das Schrauberherz begehrt.\u00a0 Gerne bieten wir die Ersatzteile auch als Gesamtposten an, [&hellip;]\" \/>\n<meta property=\"og:url\" content=\"https:\/\/husch-autoteile.de\/?page_id=6466\" \/>\n<meta property=\"og:site_name\" content=\"HUSCH - Ihr Profi f\u00fcr Autoteile und Commonrailsysteme | Forst | Karlsruhe | Bruchsal\" \/>\n<meta property=\"article:modified_time\" content=\"2025-10-10T16:25:05+00:00\" \/>\n<meta property=\"og:image\" content=\"https:\/\/husch-autoteile.de\/wp-content\/uploads\/2023\/12\/close-up-headlight-of-old-retro-vintage-red-color-2023-11-27-05-28-53-utc-scaled.jpg\" \/>\n\t<meta property=\"og:image:width\" content=\"2560\" \/>\n\t<meta property=\"og:image:height\" content=\"1706\" \/>\n\t<meta property=\"og:image:type\" content=\"image\/jpeg\" \/>\n<meta name=\"twitter:card\" content=\"summary_large_image\" \/>\n<meta name=\"twitter:label1\" content=\"Gesch\u00e4tzte Lesezeit\" \/>\n\t<meta name=\"twitter:data1\" content=\"1\u00a0Minute\" \/>\n<script type=\"application\/ld+json\" class=\"yoast-schema-graph\">{\"@context\":\"https:\\\/\\\/schema.org\",\"@graph\":[{\"@type\":\"WebPage\",\"@id\":\"https:\\\/\\\/husch-autoteile.de\\\/?page_id=6466\",\"url\":\"https:\\\/\\\/husch-autoteile.de\\\/?page_id=6466\",\"name\":\"OLDTIMERTEILE - HUSCH - Ihr Profi f\u00fcr Autoteile und Commonrailsysteme | Forst | Karlsruhe | Bruchsal\",\"isPartOf\":{\"@id\":\"https:\\\/\\\/husch-autoteile.de\\\/#website\"},\"primaryImageOfPage\":{\"@id\":\"https:\\\/\\\/husch-autoteile.de\\\/?page_id=6466#primaryimage\"},\"image\":{\"@id\":\"https:\\\/\\\/husch-autoteile.de\\\/?page_id=6466#primaryimage\"},\"thumbnailUrl\":\"https:\\\/\\\/husch-autoteile.de\\\/wp-content\\\/uploads\\\/2023\\\/12\\\/close-up-headlight-of-old-retro-vintage-red-color-2023-11-27-05-28-53-utc-scaled.jpg\",\"datePublished\":\"2023-12-01T02:59:56+00:00\",\"dateModified\":\"2025-10-10T16:25:05+00:00\",\"breadcrumb\":{\"@id\":\"https:\\\/\\\/husch-autoteile.de\\\/?page_id=6466#breadcrumb\"},\"inLanguage\":\"de\",\"potentialAction\":[{\"@type\":\"ReadAction\",\"target\":[\"https:\\\/\\\/husch-autoteile.de\\\/?page_id=6466\"]}]},{\"@type\":\"ImageObject\",\"inLanguage\":\"de\",\"@id\":\"https:\\\/\\\/husch-autoteile.de\\\/?page_id=6466#primaryimage\",\"url\":\"https:\\\/\\\/husch-autoteile.de\\\/wp-content\\\/uploads\\\/2023\\\/12\\\/close-up-headlight-of-old-retro-vintage-red-color-2023-11-27-05-28-53-utc-scaled.jpg\",\"contentUrl\":\"https:\\\/\\\/husch-autoteile.de\\\/wp-content\\\/uploads\\\/2023\\\/12\\\/close-up-headlight-of-old-retro-vintage-red-color-2023-11-27-05-28-53-utc-scaled.jpg\",\"width\":2560,\"height\":1706,\"caption\":\"Oldtimerteile\"},{\"@type\":\"BreadcrumbList\",\"@id\":\"https:\\\/\\\/husch-autoteile.de\\\/?page_id=6466#breadcrumb\",\"itemListElement\":[{\"@type\":\"ListItem\",\"position\":1,\"name\":\"Startseite\",\"item\":\"https:\\\/\\\/husch-autoteile.de\\\/\"},{\"@type\":\"ListItem\",\"position\":2,\"name\":\"OLDTIMERTEILE\"}]},{\"@type\":\"WebSite\",\"@id\":\"https:\\\/\\\/husch-autoteile.de\\\/#website\",\"url\":\"https:\\\/\\\/husch-autoteile.de\\\/\",\"name\":\"HUSCH - Ihr Profi f\u00fcr Autoteile und Commonrailsysteme | Forst | Karlsruhe | Bruchsal\",\"description\":\"Autoteile von A-Z. Ihr Profipartner rund um KFZ Teile f\u00fcr Bruchsal, Forst, Mannheim, Karlsruhe\",\"publisher\":{\"@id\":\"https:\\\/\\\/husch-autoteile.de\\\/#organization\"},\"potentialAction\":[{\"@type\":\"SearchAction\",\"target\":{\"@type\":\"EntryPoint\",\"urlTemplate\":\"https:\\\/\\\/husch-autoteile.de\\\/?s={search_term_string}\"},\"query-input\":{\"@type\":\"PropertyValueSpecification\",\"valueRequired\":true,\"valueName\":\"search_term_string\"}}],\"inLanguage\":\"de\"},{\"@type\":\"Organization\",\"@id\":\"https:\\\/\\\/husch-autoteile.de\\\/#organization\",\"name\":\"HUSCH - Ihr Profi f\u00fcr Autoteile und Commonrailsysteme | Forst | Karlsruhe | Bruchsal\",\"url\":\"https:\\\/\\\/husch-autoteile.de\\\/\",\"logo\":{\"@type\":\"ImageObject\",\"inLanguage\":\"de\",\"@id\":\"https:\\\/\\\/husch-autoteile.de\\\/#\\\/schema\\\/logo\\\/image\\\/\",\"url\":\"https:\\\/\\\/husch-autoteile.de\\\/wp-content\\\/uploads\\\/2020\\\/05\\\/cropped-logo-HUSCH.png\",\"contentUrl\":\"https:\\\/\\\/husch-autoteile.de\\\/wp-content\\\/uploads\\\/2020\\\/05\\\/cropped-logo-HUSCH.png\",\"width\":611,\"height\":167,\"caption\":\"HUSCH - Ihr Profi f\u00fcr Autoteile und Commonrailsysteme | Forst | Karlsruhe | Bruchsal\"},\"image\":{\"@id\":\"https:\\\/\\\/husch-autoteile.de\\\/#\\\/schema\\\/logo\\\/image\\\/\"}}]}<\/script>\n<!-- \/ Yoast SEO plugin. -->","yoast_head_json":{"title":"OLDTIMERTEILE - HUSCH - Ihr Profi f\u00fcr Autoteile und Commonrailsysteme | Forst | Karlsruhe | Bruchsal","robots":{"index":"index","follow":"follow","max-snippet":"max-snippet:-1","max-image-preview":"max-image-preview:large","max-video-preview":"max-video-preview:-1"},"canonical":"https:\/\/husch-autoteile.de\/?page_id=6466","og_locale":"de_DE","og_type":"article","og_title":"OLDTIMERTEILE - HUSCH - Ihr Profi f\u00fcr Autoteile und Commonrailsysteme | Forst | Karlsruhe | Bruchsal","og_description":"ERSATZTEILE F\u00dcR OLDTIMER UMFANGREICHES SORTIMENT BZW. SONDERPOSTEN AN OLDTIMER ERSATZTEILEN. Lassen Sie Ihren Oldtimer wieder aufleben! Bei Husch Autoteile finden Sie ein umfangreiches Sortiment an Sonderposten an Oldtimer-Ersatzteilen. Von Scheinwerfern \u00fcber Motorenteile bis hin zu R\u00fcckleuchten und K\u00fchlern \u2013 wir haben vieles, was das Schrauberherz begehrt.\u00a0 Gerne bieten wir die Ersatzteile auch als Gesamtposten an, [&hellip;]","og_url":"https:\/\/husch-autoteile.de\/?page_id=6466","og_site_name":"HUSCH - Ihr Profi f\u00fcr Autoteile und Commonrailsysteme | Forst | Karlsruhe | Bruchsal","article_modified_time":"2025-10-10T16:25:05+00:00","og_image":[{"width":2560,"height":1706,"url":"https:\/\/husch-autoteile.de\/wp-content\/uploads\/2023\/12\/close-up-headlight-of-old-retro-vintage-red-color-2023-11-27-05-28-53-utc-scaled.jpg","type":"image\/jpeg"}],"twitter_card":"summary_large_image","twitter_misc":{"Gesch\u00e4tzte Lesezeit":"1\u00a0Minute"},"schema":{"@context":"https:\/\/schema.org","@graph":[{"@type":"WebPage","@id":"https:\/\/husch-autoteile.de\/?page_id=6466","url":"https:\/\/husch-autoteile.de\/?page_id=6466","name":"OLDTIMERTEILE - HUSCH - Ihr Profi f\u00fcr Autoteile und Commonrailsysteme | Forst | Karlsruhe | Bruchsal","isPartOf":{"@id":"https:\/\/husch-autoteile.de\/#website"},"primaryImageOfPage":{"@id":"https:\/\/husch-autoteile.de\/?page_id=6466#primaryimage"},"image":{"@id":"https:\/\/husch-autoteile.de\/?page_id=6466#primaryimage"},"thumbnailUrl":"https:\/\/husch-autoteile.de\/wp-content\/uploads\/2023\/12\/close-up-headlight-of-old-retro-vintage-red-color-2023-11-27-05-28-53-utc-scaled.jpg","datePublished":"2023-12-01T02:59:56+00:00","dateModified":"2025-10-10T16:25:05+00:00","breadcrumb":{"@id":"https:\/\/husch-autoteile.de\/?page_id=6466#breadcrumb"},"inLanguage":"de","potentialAction":[{"@type":"ReadAction","target":["https:\/\/husch-autoteile.de\/?page_id=6466"]}]},{"@type":"ImageObject","inLanguage":"de","@id":"https:\/\/husch-autoteile.de\/?page_id=6466#primaryimage","url":"https:\/\/husch-autoteile.de\/wp-content\/uploads\/2023\/12\/close-up-headlight-of-old-retro-vintage-red-color-2023-11-27-05-28-53-utc-scaled.jpg","contentUrl":"https:\/\/husch-autoteile.de\/wp-content\/uploads\/2023\/12\/close-up-headlight-of-old-retro-vintage-red-color-2023-11-27-05-28-53-utc-scaled.jpg","width":2560,"height":1706,"caption":"Oldtimerteile"},{"@type":"BreadcrumbList","@id":"https:\/\/husch-autoteile.de\/?page_id=6466#breadcrumb","itemListElement":[{"@type":"ListItem","position":1,"name":"Startseite","item":"https:\/\/husch-autoteile.de\/"},{"@type":"ListItem","position":2,"name":"OLDTIMERTEILE"}]},{"@type":"WebSite","@id":"https:\/\/husch-autoteile.de\/#website","url":"https:\/\/husch-autoteile.de\/","name":"HUSCH - Ihr Profi f\u00fcr Autoteile und Commonrailsysteme | Forst | Karlsruhe | Bruchsal","description":"Autoteile von A-Z. Ihr Profipartner rund um KFZ Teile f\u00fcr Bruchsal, Forst, Mannheim, Karlsruhe","publisher":{"@id":"https:\/\/husch-autoteile.de\/#organization"},"potentialAction":[{"@type":"SearchAction","target":{"@type":"EntryPoint","urlTemplate":"https:\/\/husch-autoteile.de\/?s={search_term_string}"},"query-input":{"@type":"PropertyValueSpecification","valueRequired":true,"valueName":"search_term_string"}}],"inLanguage":"de"},{"@type":"Organization","@id":"https:\/\/husch-autoteile.de\/#organization","name":"HUSCH - Ihr Profi f\u00fcr Autoteile und Commonrailsysteme | Forst | Karlsruhe | Bruchsal","url":"https:\/\/husch-autoteile.de\/","logo":{"@type":"ImageObject","inLanguage":"de","@id":"https:\/\/husch-autoteile.de\/#\/schema\/logo\/image\/","url":"https:\/\/husch-autoteile.de\/wp-content\/uploads\/2020\/05\/cropped-logo-HUSCH.png","contentUrl":"https:\/\/husch-autoteile.de\/wp-content\/uploads\/2020\/05\/cropped-logo-HUSCH.png","width":611,"height":167,"caption":"HUSCH - Ihr Profi f\u00fcr Autoteile und Commonrailsysteme | Forst | Karlsruhe | Bruchsal"},"image":{"@id":"https:\/\/husch-autoteile.de\/#\/schema\/logo\/image\/"}}]}},"_links":{"self":[{"href":"https:\/\/husch-autoteile.de\/index.php?rest_route=\/wp\/v2\/pages\/6466","targetHints":{"allow":["GET"]}}],"collection":[{"href":"https:\/\/husch-autoteile.de\/index.php?rest_route=\/wp\/v2\/pages"}],"about":[{"href":"https:\/\/husch-autoteile.de\/index.php?rest_route=\/wp\/v2\/types\/page"}],"author":[{"embeddable":true,"href":"https:\/\/husch-autoteile.de\/index.php?rest_route=\/wp\/v2\/users\/1"}],"replies":[{"embeddable":true,"href":"https:\/\/husch-autoteile.de\/index.php?rest_route=%2Fwp%2Fv2%2Fcomments&post=6466"}],"version-history":[{"count":12,"href":"https:\/\/husch-autoteile.de\/index.php?rest_route=\/wp\/v2\/pages\/6466\/revisions"}],"predecessor-version":[{"id":40910,"href":"https:\/\/husch-autoteile.de\/index.php?rest_route=\/wp\/v2\/pages\/6466\/revisions\/40910"}],"wp:featuredmedia":[{"embeddable":true,"href":"https:\/\/husch-autoteile.de\/index.php?rest_route=\/wp\/v2\/media\/6490"}],"wp:attachment":[{"href":"https:\/\/husch-autoteile.de\/index.php?rest_route=%2Fwp%2Fv2%2Fmedia&parent=6466"}],"curies":[{"name":"wp","href":"https:\/\/api.w.org\/{rel}","templated":true}]}}