{"id":1674,"date":"2020-06-23T11:35:34","date_gmt":"2020-06-23T11:35:34","guid":{"rendered":"https:\/\/husch-autoteile.de\/?page_id=1674"},"modified":"2021-02-01T01:23:19","modified_gmt":"2021-02-01T01:23:19","slug":"oele-chemie","status":"publish","type":"page","link":"https:\/\/husch-autoteile.de\/?page_id=1674","title":{"rendered":"\u00d6LE &#038; CHEMIE"},"content":{"rendered":"\t\t<div data-elementor-type=\"wp-page\" data-elementor-id=\"1674\" class=\"elementor elementor-1674\" data-elementor-post-type=\"page\">\n\t\t\t\t\t\t<section class=\"elementor-section elementor-top-section elementor-element elementor-element-89a62da elementor-section-boxed elementor-section-height-default elementor-section-height-default\" data-id=\"89a62da\" data-element_type=\"section\" data-e-type=\"section\">\n\t\t\t\t\t\t<div class=\"elementor-container elementor-column-gap-default\">\n\t\t\t\t\t<div class=\"elementor-column elementor-col-100 elementor-top-column elementor-element elementor-element-93c805a\" data-id=\"93c805a\" data-element_type=\"column\" data-e-type=\"column\">\n\t\t\t<div class=\"elementor-widget-wrap elementor-element-populated\">\n\t\t\t\t\t\t<div class=\"elementor-element elementor-element-9c93690 elementor-widget elementor-widget-heading\" data-id=\"9c93690\" data-element_type=\"widget\" data-e-type=\"widget\" data-widget_type=\"heading.default\">\n\t\t\t\t<div class=\"elementor-widget-container\">\n\t\t\t\t\t<h4 class=\"elementor-heading-title elementor-size-large\">Motoren\u00f6le, Additive  und Chemie bei Husch Autoteile<\/h4>\t\t\t\t<\/div>\n\t\t\t\t<\/div>\n\t\t\t\t\t<\/div>\n\t\t<\/div>\n\t\t\t\t\t<\/div>\n\t\t<\/section>\n\t\t\t\t<section class=\"elementor-section elementor-top-section elementor-element elementor-element-dc2be3a elementor-section-boxed elementor-section-height-default elementor-section-height-default\" data-id=\"dc2be3a\" data-element_type=\"section\" data-e-type=\"section\">\n\t\t\t\t\t\t<div class=\"elementor-container elementor-column-gap-default\">\n\t\t\t\t\t<div class=\"elementor-column elementor-col-50 elementor-top-column elementor-element elementor-element-5807a23\" data-id=\"5807a23\" data-element_type=\"column\" data-e-type=\"column\">\n\t\t\t<div class=\"elementor-widget-wrap elementor-element-populated\">\n\t\t\t\t\t\t<div class=\"elementor-element elementor-element-295fd2a elementor-widget elementor-widget-text-editor\" data-id=\"295fd2a\" data-element_type=\"widget\" data-e-type=\"widget\" data-widget_type=\"text-editor.default\">\n\t\t\t\t<div class=\"elementor-widget-container\">\n\t\t\t\t\t\t\t\t\t<h5><b>Wir f\u00fchren eine gro\u00dfe Auswahl an g\u00e4ngigen Motoren\u00f6le<\/b><\/h5><p>Das\u00a0Motor\u00f6l\u00a0ist extrem relevant f\u00fcr das Auto und auch andere Fahrzeuge. Ohne das Motor\u00f6l w\u00e4re ein Motor und letztendlich das gesamte Auto nicht funktionsf\u00e4hig. Es hat dabei eine Vielzahl von Aufgaben im Motor: Schmieren, Verschlei\u00df- und Korrosionsschutz, K\u00fchlen u.v.m. Ein Motor\u00f6l ist allerdings nicht immer nur ein Motor\u00f6l, sondern variiert in seiner Zusammensetzung. Der Motor f\u00fcr Ihr Auto kann somit ein Mineral\u00f6l , teilsynthetisches \u00d6l (Mischung aus mineralischem \u00d6l und synthetischem \u00d6l) oder vollsynthetisches \u00d6l (synthetisch erzeugtes \u00d6l) ben\u00f6tigen. Das \u00d6l f\u00fcr Zweikraftr\u00e4der unterscheidet sich in Motor\u00f6l f\u00fcr die beiden g\u00e4ngigen Motor-Varianten.<\/p><h1><strong>Motor\u00f6l, Getriebe\u00f6l u.v.m. bei uns erh\u00e4ltlich!<\/strong><\/h1>\t\t\t\t\t\t\t\t<\/div>\n\t\t\t\t<\/div>\n\t\t\t\t\t<\/div>\n\t\t<\/div>\n\t\t\t\t<div class=\"elementor-column elementor-col-50 elementor-top-column elementor-element elementor-element-a463524\" data-id=\"a463524\" data-element_type=\"column\" data-e-type=\"column\">\n\t\t\t<div class=\"elementor-widget-wrap elementor-element-populated\">\n\t\t\t\t\t\t<div class=\"elementor-element elementor-element-50cd115 elementor-widget elementor-widget-image\" data-id=\"50cd115\" data-element_type=\"widget\" data-e-type=\"widget\" data-widget_type=\"image.default\">\n\t\t\t\t<div class=\"elementor-widget-container\">\n\t\t\t\t\t\t\t\t\t\t\t\t\t\t\t<img fetchpriority=\"high\" decoding=\"async\" width=\"720\" height=\"540\" src=\"https:\/\/husch-autoteile.de\/wp-content\/uploads\/2021\/02\/oel1-1024x768.png\" class=\"attachment-large size-large wp-image-6151\" alt=\"\" srcset=\"https:\/\/husch-autoteile.de\/wp-content\/uploads\/2021\/02\/oel1-1024x768.png 1024w, https:\/\/husch-autoteile.de\/wp-content\/uploads\/2021\/02\/oel1-300x225.png 300w, https:\/\/husch-autoteile.de\/wp-content\/uploads\/2021\/02\/oel1-768x576.png 768w, https:\/\/husch-autoteile.de\/wp-content\/uploads\/2021\/02\/oel1-600x450.png 600w, https:\/\/husch-autoteile.de\/wp-content\/uploads\/2021\/02\/oel1.png 1181w\" sizes=\"(max-width: 720px) 100vw, 720px\" \/>\t\t\t\t\t\t\t\t\t\t\t\t\t\t\t<\/div>\n\t\t\t\t<\/div>\n\t\t\t\t\t<\/div>\n\t\t<\/div>\n\t\t\t\t\t<\/div>\n\t\t<\/section>\n\t\t\t\t<section class=\"elementor-section elementor-top-section elementor-element elementor-element-29c567a elementor-section-boxed elementor-section-height-default elementor-section-height-default\" data-id=\"29c567a\" data-element_type=\"section\" data-e-type=\"section\">\n\t\t\t\t\t\t<div class=\"elementor-container elementor-column-gap-default\">\n\t\t\t\t\t<div class=\"elementor-column elementor-col-50 elementor-top-column elementor-element elementor-element-37902b7\" data-id=\"37902b7\" data-element_type=\"column\" data-e-type=\"column\">\n\t\t\t<div class=\"elementor-widget-wrap elementor-element-populated\">\n\t\t\t\t\t\t<div class=\"elementor-element elementor-element-08bfec4 elementor-widget elementor-widget-image\" data-id=\"08bfec4\" data-element_type=\"widget\" data-e-type=\"widget\" data-widget_type=\"image.default\">\n\t\t\t\t<div class=\"elementor-widget-container\">\n\t\t\t\t\t\t\t\t\t\t\t\t\t\t\t<img decoding=\"async\" width=\"720\" height=\"540\" src=\"https:\/\/husch-autoteile.de\/wp-content\/uploads\/2021\/02\/oel2-1024x768.png\" class=\"attachment-large size-large wp-image-6152\" alt=\"Husch Autoteile Forst Bruchsal\" srcset=\"https:\/\/husch-autoteile.de\/wp-content\/uploads\/2021\/02\/oel2-1024x768.png 1024w, https:\/\/husch-autoteile.de\/wp-content\/uploads\/2021\/02\/oel2-300x225.png 300w, https:\/\/husch-autoteile.de\/wp-content\/uploads\/2021\/02\/oel2-768x576.png 768w, https:\/\/husch-autoteile.de\/wp-content\/uploads\/2021\/02\/oel2-600x450.png 600w, https:\/\/husch-autoteile.de\/wp-content\/uploads\/2021\/02\/oel2.png 1181w\" sizes=\"(max-width: 720px) 100vw, 720px\" \/>\t\t\t\t\t\t\t\t\t\t\t\t\t\t\t<\/div>\n\t\t\t\t<\/div>\n\t\t\t\t\t<\/div>\n\t\t<\/div>\n\t\t\t\t<div class=\"elementor-column elementor-col-50 elementor-top-column elementor-element elementor-element-9bf6890\" data-id=\"9bf6890\" data-element_type=\"column\" data-e-type=\"column\">\n\t\t\t<div class=\"elementor-widget-wrap elementor-element-populated\">\n\t\t\t\t\t\t<div class=\"elementor-element elementor-element-aa26ac3 elementor-widget elementor-widget-text-editor\" data-id=\"aa26ac3\" data-element_type=\"widget\" data-e-type=\"widget\" data-widget_type=\"text-editor.default\">\n\t\t\t\t<div class=\"elementor-widget-container\">\n\t\t\t\t\t\t\t\t\t<h5><b>Sie ben\u00f6tigen ein Spezial\u00f6l<\/b><\/h5>\n<p>Egal ob Scooter, Rasenm\u00e4her oder Motors\u00e4ge &#8211; wir haben immer das passende Motoren\u00f6l f\u00fcr Sie.<\/p>\t\t\t\t\t\t\t\t<\/div>\n\t\t\t\t<\/div>\n\t\t\t\t\t<\/div>\n\t\t<\/div>\n\t\t\t\t\t<\/div>\n\t\t<\/section>\n\t\t\t\t<section class=\"elementor-section elementor-top-section elementor-element elementor-element-06f8ad5 elementor-section-boxed elementor-section-height-default elementor-section-height-default\" data-id=\"06f8ad5\" data-element_type=\"section\" data-e-type=\"section\">\n\t\t\t\t\t\t<div class=\"elementor-container elementor-column-gap-default\">\n\t\t\t\t\t<div class=\"elementor-column elementor-col-50 elementor-top-column elementor-element elementor-element-dc771a8\" data-id=\"dc771a8\" data-element_type=\"column\" data-e-type=\"column\">\n\t\t\t<div class=\"elementor-widget-wrap\">\n\t\t\t\t\t\t\t<\/div>\n\t\t<\/div>\n\t\t\t\t<div class=\"elementor-column elementor-col-50 elementor-top-column elementor-element elementor-element-742e395\" data-id=\"742e395\" data-element_type=\"column\" data-e-type=\"column\">\n\t\t\t<div class=\"elementor-widget-wrap elementor-element-populated\">\n\t\t\t\t\t\t<div class=\"elementor-element elementor-element-733c565 elementor-widget elementor-widget-image\" data-id=\"733c565\" data-element_type=\"widget\" data-e-type=\"widget\" data-widget_type=\"image.default\">\n\t\t\t\t<div class=\"elementor-widget-container\">\n\t\t\t\t\t\t\t\t\t\t\t\t\t\t\t<img decoding=\"async\" src=\"https:\/\/husch-autoteile.de\/wp-content\/plugins\/elementor\/assets\/images\/placeholder.png\" title=\"\" alt=\"\" loading=\"lazy\" \/>\t\t\t\t\t\t\t\t\t\t\t\t\t\t\t<\/div>\n\t\t\t\t<\/div>\n\t\t\t\t\t<\/div>\n\t\t<\/div>\n\t\t\t\t\t<\/div>\n\t\t<\/section>\n\t\t\t\t<\/div>\n\t\t","protected":false},"excerpt":{"rendered":"<p>Motoren\u00f6le, Additive und Chemie bei Husch Autoteile Wir f\u00fchren eine gro\u00dfe Auswahl an g\u00e4ngigen Motoren\u00f6le Das\u00a0Motor\u00f6l\u00a0ist extrem relevant f\u00fcr das Auto und auch andere Fahrzeuge. Ohne das Motor\u00f6l w\u00e4re ein Motor und letztendlich das gesamte Auto nicht funktionsf\u00e4hig. Es hat dabei eine Vielzahl von Aufgaben im Motor: Schmieren, Verschlei\u00df- und Korrosionsschutz, K\u00fchlen u.v.m. Ein Motor\u00f6l [&hellip;]<\/p>\n","protected":false},"author":1,"featured_media":0,"parent":1503,"menu_order":0,"comment_status":"closed","ping_status":"closed","template":"home-panels.php","meta":{"_acf_changed":false,"footnotes":""},"class_list":["post-1674","page","type-page","status-publish","hentry","post"],"acf":[],"yoast_head":"<!-- This site is optimized with the Yoast SEO plugin v27.4 - https:\/\/yoast.com\/product\/yoast-seo-wordpress\/ -->\n<title>\u00d6LE &amp; CHEMIE - HUSCH - Ihr Profi f\u00fcr Autoteile und Commonrailsysteme | Forst | Karlsruhe | Bruchsal<\/title>\n<meta name=\"robots\" content=\"index, follow, max-snippet:-1, max-image-preview:large, max-video-preview:-1\" \/>\n<link rel=\"canonical\" href=\"https:\/\/husch-autoteile.de\/?page_id=1674\" \/>\n<meta property=\"og:locale\" content=\"de_DE\" \/>\n<meta property=\"og:type\" content=\"article\" \/>\n<meta property=\"og:title\" content=\"\u00d6LE &amp; CHEMIE - HUSCH - Ihr Profi f\u00fcr Autoteile und Commonrailsysteme | Forst | Karlsruhe | Bruchsal\" \/>\n<meta property=\"og:description\" content=\"Motoren\u00f6le, Additive und Chemie bei Husch Autoteile Wir f\u00fchren eine gro\u00dfe Auswahl an g\u00e4ngigen Motoren\u00f6le Das\u00a0Motor\u00f6l\u00a0ist extrem relevant f\u00fcr das Auto und auch andere Fahrzeuge. Ohne das Motor\u00f6l w\u00e4re ein Motor und letztendlich das gesamte Auto nicht funktionsf\u00e4hig. Es hat dabei eine Vielzahl von Aufgaben im Motor: Schmieren, Verschlei\u00df- und Korrosionsschutz, K\u00fchlen u.v.m. Ein Motor\u00f6l [&hellip;]\" \/>\n<meta property=\"og:url\" content=\"https:\/\/husch-autoteile.de\/?page_id=1674\" \/>\n<meta property=\"og:site_name\" content=\"HUSCH - Ihr Profi f\u00fcr Autoteile und Commonrailsysteme | Forst | Karlsruhe | Bruchsal\" \/>\n<meta property=\"article:modified_time\" content=\"2021-02-01T01:23:19+00:00\" \/>\n<meta property=\"og:image\" content=\"https:\/\/husch-autoteile.de\/wp-content\/uploads\/2021\/02\/oel1-1024x768.png\" \/>\n<meta name=\"twitter:card\" content=\"summary_large_image\" \/>\n<meta name=\"twitter:label1\" content=\"Gesch\u00e4tzte Lesezeit\" \/>\n\t<meta name=\"twitter:data1\" content=\"1\u00a0Minute\" \/>\n<script type=\"application\/ld+json\" class=\"yoast-schema-graph\">{\"@context\":\"https:\\\/\\\/schema.org\",\"@graph\":[{\"@type\":\"WebPage\",\"@id\":\"https:\\\/\\\/husch-autoteile.de\\\/?page_id=1674\",\"url\":\"https:\\\/\\\/husch-autoteile.de\\\/?page_id=1674\",\"name\":\"\u00d6LE & CHEMIE - HUSCH - Ihr Profi f\u00fcr Autoteile und Commonrailsysteme | Forst | Karlsruhe | Bruchsal\",\"isPartOf\":{\"@id\":\"https:\\\/\\\/husch-autoteile.de\\\/#website\"},\"primaryImageOfPage\":{\"@id\":\"https:\\\/\\\/husch-autoteile.de\\\/?page_id=1674#primaryimage\"},\"image\":{\"@id\":\"https:\\\/\\\/husch-autoteile.de\\\/?page_id=1674#primaryimage\"},\"thumbnailUrl\":\"https:\\\/\\\/husch-autoteile.de\\\/wp-content\\\/uploads\\\/2021\\\/02\\\/oel1-1024x768.png\",\"datePublished\":\"2020-06-23T11:35:34+00:00\",\"dateModified\":\"2021-02-01T01:23:19+00:00\",\"breadcrumb\":{\"@id\":\"https:\\\/\\\/husch-autoteile.de\\\/?page_id=1674#breadcrumb\"},\"inLanguage\":\"de\",\"potentialAction\":[{\"@type\":\"ReadAction\",\"target\":[\"https:\\\/\\\/husch-autoteile.de\\\/?page_id=1674\"]}]},{\"@type\":\"ImageObject\",\"inLanguage\":\"de\",\"@id\":\"https:\\\/\\\/husch-autoteile.de\\\/?page_id=1674#primaryimage\",\"url\":\"https:\\\/\\\/husch-autoteile.de\\\/wp-content\\\/uploads\\\/2021\\\/02\\\/oel1.png\",\"contentUrl\":\"https:\\\/\\\/husch-autoteile.de\\\/wp-content\\\/uploads\\\/2021\\\/02\\\/oel1.png\",\"width\":1181,\"height\":886,\"caption\":\"\u00d6le bei Husch Autoteile\"},{\"@type\":\"BreadcrumbList\",\"@id\":\"https:\\\/\\\/husch-autoteile.de\\\/?page_id=1674#breadcrumb\",\"itemListElement\":[{\"@type\":\"ListItem\",\"position\":1,\"name\":\"Startseite\",\"item\":\"https:\\\/\\\/husch-autoteile.de\\\/\"},{\"@type\":\"ListItem\",\"position\":2,\"name\":\"AUTOTEILE\",\"item\":\"https:\\\/\\\/husch-autoteile.de\\\/?page_id=1503\"},{\"@type\":\"ListItem\",\"position\":3,\"name\":\"\u00d6LE &#038; CHEMIE\"}]},{\"@type\":\"WebSite\",\"@id\":\"https:\\\/\\\/husch-autoteile.de\\\/#website\",\"url\":\"https:\\\/\\\/husch-autoteile.de\\\/\",\"name\":\"HUSCH - Ihr Profi f\u00fcr Autoteile und Commonrailsysteme | Forst | Karlsruhe | Bruchsal\",\"description\":\"Autoteile von A-Z. Ihr Profipartner rund um KFZ Teile f\u00fcr Bruchsal, Forst, Mannheim, Karlsruhe\",\"publisher\":{\"@id\":\"https:\\\/\\\/husch-autoteile.de\\\/#organization\"},\"potentialAction\":[{\"@type\":\"SearchAction\",\"target\":{\"@type\":\"EntryPoint\",\"urlTemplate\":\"https:\\\/\\\/husch-autoteile.de\\\/?s={search_term_string}\"},\"query-input\":{\"@type\":\"PropertyValueSpecification\",\"valueRequired\":true,\"valueName\":\"search_term_string\"}}],\"inLanguage\":\"de\"},{\"@type\":\"Organization\",\"@id\":\"https:\\\/\\\/husch-autoteile.de\\\/#organization\",\"name\":\"HUSCH - Ihr Profi f\u00fcr Autoteile und Commonrailsysteme | Forst | Karlsruhe | Bruchsal\",\"url\":\"https:\\\/\\\/husch-autoteile.de\\\/\",\"logo\":{\"@type\":\"ImageObject\",\"inLanguage\":\"de\",\"@id\":\"https:\\\/\\\/husch-autoteile.de\\\/#\\\/schema\\\/logo\\\/image\\\/\",\"url\":\"https:\\\/\\\/husch-autoteile.de\\\/wp-content\\\/uploads\\\/2020\\\/05\\\/cropped-logo-HUSCH.png\",\"contentUrl\":\"https:\\\/\\\/husch-autoteile.de\\\/wp-content\\\/uploads\\\/2020\\\/05\\\/cropped-logo-HUSCH.png\",\"width\":611,\"height\":167,\"caption\":\"HUSCH - Ihr Profi f\u00fcr Autoteile und Commonrailsysteme | Forst | Karlsruhe | Bruchsal\"},\"image\":{\"@id\":\"https:\\\/\\\/husch-autoteile.de\\\/#\\\/schema\\\/logo\\\/image\\\/\"}}]}<\/script>\n<!-- \/ Yoast SEO plugin. -->","yoast_head_json":{"title":"\u00d6LE & CHEMIE - HUSCH - Ihr Profi f\u00fcr Autoteile und Commonrailsysteme | Forst | Karlsruhe | Bruchsal","robots":{"index":"index","follow":"follow","max-snippet":"max-snippet:-1","max-image-preview":"max-image-preview:large","max-video-preview":"max-video-preview:-1"},"canonical":"https:\/\/husch-autoteile.de\/?page_id=1674","og_locale":"de_DE","og_type":"article","og_title":"\u00d6LE & CHEMIE - HUSCH - Ihr Profi f\u00fcr Autoteile und Commonrailsysteme | Forst | Karlsruhe | Bruchsal","og_description":"Motoren\u00f6le, Additive und Chemie bei Husch Autoteile Wir f\u00fchren eine gro\u00dfe Auswahl an g\u00e4ngigen Motoren\u00f6le Das\u00a0Motor\u00f6l\u00a0ist extrem relevant f\u00fcr das Auto und auch andere Fahrzeuge. Ohne das Motor\u00f6l w\u00e4re ein Motor und letztendlich das gesamte Auto nicht funktionsf\u00e4hig. Es hat dabei eine Vielzahl von Aufgaben im Motor: Schmieren, Verschlei\u00df- und Korrosionsschutz, K\u00fchlen u.v.m. Ein Motor\u00f6l [&hellip;]","og_url":"https:\/\/husch-autoteile.de\/?page_id=1674","og_site_name":"HUSCH - Ihr Profi f\u00fcr Autoteile und Commonrailsysteme | Forst | Karlsruhe | Bruchsal","article_modified_time":"2021-02-01T01:23:19+00:00","og_image":[{"url":"https:\/\/husch-autoteile.de\/wp-content\/uploads\/2021\/02\/oel1-1024x768.png","type":"","width":"","height":""}],"twitter_card":"summary_large_image","twitter_misc":{"Gesch\u00e4tzte Lesezeit":"1\u00a0Minute"},"schema":{"@context":"https:\/\/schema.org","@graph":[{"@type":"WebPage","@id":"https:\/\/husch-autoteile.de\/?page_id=1674","url":"https:\/\/husch-autoteile.de\/?page_id=1674","name":"\u00d6LE & CHEMIE - HUSCH - Ihr Profi f\u00fcr Autoteile und Commonrailsysteme | Forst | Karlsruhe | Bruchsal","isPartOf":{"@id":"https:\/\/husch-autoteile.de\/#website"},"primaryImageOfPage":{"@id":"https:\/\/husch-autoteile.de\/?page_id=1674#primaryimage"},"image":{"@id":"https:\/\/husch-autoteile.de\/?page_id=1674#primaryimage"},"thumbnailUrl":"https:\/\/husch-autoteile.de\/wp-content\/uploads\/2021\/02\/oel1-1024x768.png","datePublished":"2020-06-23T11:35:34+00:00","dateModified":"2021-02-01T01:23:19+00:00","breadcrumb":{"@id":"https:\/\/husch-autoteile.de\/?page_id=1674#breadcrumb"},"inLanguage":"de","potentialAction":[{"@type":"ReadAction","target":["https:\/\/husch-autoteile.de\/?page_id=1674"]}]},{"@type":"ImageObject","inLanguage":"de","@id":"https:\/\/husch-autoteile.de\/?page_id=1674#primaryimage","url":"https:\/\/husch-autoteile.de\/wp-content\/uploads\/2021\/02\/oel1.png","contentUrl":"https:\/\/husch-autoteile.de\/wp-content\/uploads\/2021\/02\/oel1.png","width":1181,"height":886,"caption":"\u00d6le bei Husch Autoteile"},{"@type":"BreadcrumbList","@id":"https:\/\/husch-autoteile.de\/?page_id=1674#breadcrumb","itemListElement":[{"@type":"ListItem","position":1,"name":"Startseite","item":"https:\/\/husch-autoteile.de\/"},{"@type":"ListItem","position":2,"name":"AUTOTEILE","item":"https:\/\/husch-autoteile.de\/?page_id=1503"},{"@type":"ListItem","position":3,"name":"\u00d6LE &#038; CHEMIE"}]},{"@type":"WebSite","@id":"https:\/\/husch-autoteile.de\/#website","url":"https:\/\/husch-autoteile.de\/","name":"HUSCH - Ihr Profi f\u00fcr Autoteile und Commonrailsysteme | Forst | Karlsruhe | Bruchsal","description":"Autoteile von A-Z. Ihr Profipartner rund um KFZ Teile f\u00fcr Bruchsal, Forst, Mannheim, Karlsruhe","publisher":{"@id":"https:\/\/husch-autoteile.de\/#organization"},"potentialAction":[{"@type":"SearchAction","target":{"@type":"EntryPoint","urlTemplate":"https:\/\/husch-autoteile.de\/?s={search_term_string}"},"query-input":{"@type":"PropertyValueSpecification","valueRequired":true,"valueName":"search_term_string"}}],"inLanguage":"de"},{"@type":"Organization","@id":"https:\/\/husch-autoteile.de\/#organization","name":"HUSCH - Ihr Profi f\u00fcr Autoteile und Commonrailsysteme | Forst | Karlsruhe | Bruchsal","url":"https:\/\/husch-autoteile.de\/","logo":{"@type":"ImageObject","inLanguage":"de","@id":"https:\/\/husch-autoteile.de\/#\/schema\/logo\/image\/","url":"https:\/\/husch-autoteile.de\/wp-content\/uploads\/2020\/05\/cropped-logo-HUSCH.png","contentUrl":"https:\/\/husch-autoteile.de\/wp-content\/uploads\/2020\/05\/cropped-logo-HUSCH.png","width":611,"height":167,"caption":"HUSCH - Ihr Profi f\u00fcr Autoteile und Commonrailsysteme | Forst | Karlsruhe | Bruchsal"},"image":{"@id":"https:\/\/husch-autoteile.de\/#\/schema\/logo\/image\/"}}]}},"_links":{"self":[{"href":"https:\/\/husch-autoteile.de\/index.php?rest_route=\/wp\/v2\/pages\/1674","targetHints":{"allow":["GET"]}}],"collection":[{"href":"https:\/\/husch-autoteile.de\/index.php?rest_route=\/wp\/v2\/pages"}],"about":[{"href":"https:\/\/husch-autoteile.de\/index.php?rest_route=\/wp\/v2\/types\/page"}],"author":[{"embeddable":true,"href":"https:\/\/husch-autoteile.de\/index.php?rest_route=\/wp\/v2\/users\/1"}],"replies":[{"embeddable":true,"href":"https:\/\/husch-autoteile.de\/index.php?rest_route=%2Fwp%2Fv2%2Fcomments&post=1674"}],"version-history":[{"count":6,"href":"https:\/\/husch-autoteile.de\/index.php?rest_route=\/wp\/v2\/pages\/1674\/revisions"}],"predecessor-version":[{"id":6156,"href":"https:\/\/husch-autoteile.de\/index.php?rest_route=\/wp\/v2\/pages\/1674\/revisions\/6156"}],"up":[{"embeddable":true,"href":"https:\/\/husch-autoteile.de\/index.php?rest_route=\/wp\/v2\/pages\/1503"}],"wp:attachment":[{"href":"https:\/\/husch-autoteile.de\/index.php?rest_route=%2Fwp%2Fv2%2Fmedia&parent=1674"}],"curies":[{"name":"wp","href":"https:\/\/api.w.org\/{rel}","templated":true}]}}