{"id":1605,"date":"2020-06-22T13:51:40","date_gmt":"2020-06-22T13:51:40","guid":{"rendered":"https:\/\/husch-autoteile.de\/?page_id=1605"},"modified":"2021-01-31T19:41:51","modified_gmt":"2021-01-31T19:41:51","slug":"impressum","status":"publish","type":"page","link":"https:\/\/husch-autoteile.de\/?page_id=1605","title":{"rendered":"IMPRESSUM"},"content":{"rendered":"\t\t<div data-elementor-type=\"wp-page\" data-elementor-id=\"1605\" class=\"elementor elementor-1605\" data-elementor-post-type=\"page\">\n\t\t\t\t\t\t<section class=\"elementor-section elementor-top-section elementor-element elementor-element-1ab3c92d elementor-section-boxed elementor-section-height-default elementor-section-height-default\" data-id=\"1ab3c92d\" data-element_type=\"section\" data-e-type=\"section\">\n\t\t\t\t\t\t<div class=\"elementor-container elementor-column-gap-default\">\n\t\t\t\t\t<div class=\"elementor-column elementor-col-100 elementor-top-column elementor-element elementor-element-3fd6652\" data-id=\"3fd6652\" data-element_type=\"column\" data-e-type=\"column\">\n\t\t\t<div class=\"elementor-widget-wrap elementor-element-populated\">\n\t\t\t\t\t\t<div class=\"elementor-element elementor-element-6892e0da elementor-widget elementor-widget-text-editor\" data-id=\"6892e0da\" data-element_type=\"widget\" data-e-type=\"widget\" data-widget_type=\"text-editor.default\">\n\t\t\t\t<div class=\"elementor-widget-container\">\n\t\t\t\t\t\t\t\t\t<h1>Impressum<\/h1><h2>Angaben gem\u00e4\u00df \u00a7 5 TMG<\/h2><p>Husch Autoteile Erich + Jochen Hinderer Gro\u00dfhandelsgesellschaft mbH<br \/>Carl-Benz-Stra\u00dfe 4<br \/>76694 Forst<\/p><p>Handelsregister: 230287<br \/>Registergericht: Mannheim<\/p><p><strong>Vertreten durch:<\/strong><br \/>Erich Hinderer<br \/>Jochen Hinderer<\/p><h2>Kontakt<\/h2><p>Telefon: +49-(0)7251-12316<br \/>Telefax: +49-(0)7251-84523<br \/>E-Mail: info @ husch-autoteile.de<\/p><h2>Umsatzsteuer-ID<\/h2><p>Umsatzsteuer-Identifikationsnummer gem\u00e4\u00df \u00a7 27 a Umsatzsteuergesetz:<br \/>DE143 087 662<\/p><h2>EU-Streitschlichtung<\/h2><p>Die Europ\u00e4ische Kommission stellt eine Plattform zur Online-Streitbeilegung (OS) bereit: <a href=\"https:\/\/ec.europa.eu\/consumers\/odr\" target=\"_blank\" rel=\"noopener noreferrer\">https:\/\/ec.europa.eu\/consumers\/odr<\/a>.<br \/>Unsere E-Mail-Adresse finden Sie oben im Impressum.<\/p><h2>Verbraucher\u00adstreit\u00adbeilegung\/Universal\u00adschlichtungs\u00adstelle<\/h2><p>Wir sind nicht bereit oder verpflichtet, an Streitbeilegungsverfahren vor einer Verbraucherschlichtungsstelle teilzunehmen.<\/p><h3>Haftung f\u00fcr Inhalte<\/h3><p>Als Diensteanbieter sind wir gem\u00e4\u00df \u00a7 7 Abs.1 TMG f\u00fcr eigene Inhalte auf diesen Seiten nach den allgemeinen Gesetzen verantwortlich. Nach \u00a7\u00a7 8 bis 10 TMG sind wir als Diensteanbieter jedoch nicht verpflichtet, \u00fcbermittelte oder gespeicherte fremde Informationen zu \u00fcberwachen oder nach Umst\u00e4nden zu forschen, die auf eine rechtswidrige T\u00e4tigkeit hinweisen.<\/p><p>Verpflichtungen zur Entfernung oder Sperrung der Nutzung von Informationen nach den allgemeinen Gesetzen bleiben hiervon unber\u00fchrt. Eine diesbez\u00fcgliche Haftung ist jedoch erst ab dem Zeitpunkt der Kenntnis einer konkreten Rechtsverletzung m\u00f6glich. Bei Bekanntwerden von entsprechenden Rechtsverletzungen werden wir diese Inhalte umgehend entfernen.<\/p><h3>Haftung f\u00fcr Links<\/h3><p>Unser Angebot enth\u00e4lt Links zu externen Websites Dritter, auf deren Inhalte wir keinen Einfluss haben. Deshalb k\u00f6nnen wir f\u00fcr diese fremden Inhalte auch keine Gew\u00e4hr \u00fcbernehmen. F\u00fcr die Inhalte der verlinkten Seiten ist stets der jeweilige Anbieter oder Betreiber der Seiten verantwortlich. Die verlinkten Seiten wurden zum Zeitpunkt der Verlinkung auf m\u00f6gliche Rechtsverst\u00f6\u00dfe \u00fcberpr\u00fcft. Rechtswidrige Inhalte waren zum Zeitpunkt der Verlinkung nicht erkennbar.<\/p><p>Eine permanente inhaltliche Kontrolle der verlinkten Seiten ist jedoch ohne konkrete Anhaltspunkte einer Rechtsverletzung nicht zumutbar. Bei Bekanntwerden von Rechtsverletzungen werden wir derartige Links umgehend entfernen.<\/p><h3>Urheberrecht<\/h3><p>Die durch die Seitenbetreiber erstellten Inhalte und Werke auf diesen Seiten unterliegen dem deutschen Urheberrecht. Die Vervielf\u00e4ltigung, Bearbeitung, Verbreitung und jede Art der Verwertung au\u00dferhalb der Grenzen des Urheberrechtes bed\u00fcrfen der schriftlichen Zustimmung des jeweiligen Autors bzw. Erstellers. Downloads und Kopien dieser Seite sind nur f\u00fcr den privaten, nicht kommerziellen Gebrauch gestattet.<\/p><p>Soweit die Inhalte auf dieser Seite nicht vom Betreiber erstellt wurden, werden die Urheberrechte Dritter beachtet. Insbesondere werden Inhalte Dritter als solche gekennzeichnet. Sollten Sie trotzdem auf eine Urheberrechtsverletzung aufmerksam werden, bitten wir um einen entsprechenden Hinweis. Bei Bekanntwerden von Rechtsverletzungen werden wir derartige Inhalte umgehend entfernen.<\/p><p>\u00a0<\/p><p>SEITE ERSTELLT DURCH: Creativstudio Karlsruhe\u00a0 J\u00fcrgen Huber\u00a0 <a href=\"http:\/\/www.creativstudio-karlsruhe.de\">\u00a0www.creativstudio-karlsruhe.de<\/a>\u00a0 \u00a0Tel. <a href=\"tel:+4915156563939\">0151 56 56 39 39<\/a><\/p><p>Bilder: J\u00fcrgen Huber Creativstudio Karlsruhe, Adobe Stock, Shutterstock, Fotolia, Depositstock<\/p>\t\t\t\t\t\t\t\t<\/div>\n\t\t\t\t<\/div>\n\t\t\t\t\t<\/div>\n\t\t<\/div>\n\t\t\t\t\t<\/div>\n\t\t<\/section>\n\t\t\t\t<\/div>\n\t\t","protected":false},"excerpt":{"rendered":"<p>Impressum Angaben gem\u00e4\u00df \u00a7 5 TMG Husch Autoteile Erich + Jochen Hinderer Gro\u00dfhandelsgesellschaft mbHCarl-Benz-Stra\u00dfe 476694 Forst Handelsregister: 230287Registergericht: Mannheim Vertreten durch:Erich HindererJochen Hinderer Kontakt Telefon: +49-(0)7251-12316Telefax: +49-(0)7251-84523E-Mail: info @ husch-autoteile.de Umsatzsteuer-ID Umsatzsteuer-Identifikationsnummer gem\u00e4\u00df \u00a7 27 a Umsatzsteuergesetz:DE143 087 662 EU-Streitschlichtung Die Europ\u00e4ische Kommission stellt eine Plattform zur Online-Streitbeilegung (OS) bereit: https:\/\/ec.europa.eu\/consumers\/odr.Unsere E-Mail-Adresse finden Sie oben [&hellip;]<\/p>\n","protected":false},"author":1,"featured_media":0,"parent":27,"menu_order":0,"comment_status":"closed","ping_status":"closed","template":"home-panels.php","meta":{"_acf_changed":false,"footnotes":""},"class_list":["post-1605","page","type-page","status-publish","hentry","post"],"acf":[],"yoast_head":"<!-- This site is optimized with the Yoast SEO plugin v27.4 - https:\/\/yoast.com\/product\/yoast-seo-wordpress\/ -->\n<title>IMPRESSUM - HUSCH - Ihr Profi f\u00fcr Autoteile und Commonrailsysteme | Forst | Karlsruhe | Bruchsal<\/title>\n<meta name=\"robots\" content=\"index, follow, max-snippet:-1, max-image-preview:large, max-video-preview:-1\" \/>\n<link rel=\"canonical\" href=\"https:\/\/husch-autoteile.de\/?page_id=1605\" \/>\n<meta property=\"og:locale\" content=\"de_DE\" \/>\n<meta property=\"og:type\" content=\"article\" \/>\n<meta property=\"og:title\" content=\"IMPRESSUM - HUSCH - Ihr Profi f\u00fcr Autoteile und Commonrailsysteme | Forst | Karlsruhe | Bruchsal\" \/>\n<meta property=\"og:description\" content=\"Impressum Angaben gem\u00e4\u00df \u00a7 5 TMG Husch Autoteile Erich + Jochen Hinderer Gro\u00dfhandelsgesellschaft mbHCarl-Benz-Stra\u00dfe 476694 Forst Handelsregister: 230287Registergericht: Mannheim Vertreten durch:Erich HindererJochen Hinderer Kontakt Telefon: +49-(0)7251-12316Telefax: +49-(0)7251-84523E-Mail: info @ husch-autoteile.de Umsatzsteuer-ID Umsatzsteuer-Identifikationsnummer gem\u00e4\u00df \u00a7 27 a Umsatzsteuergesetz:DE143 087 662 EU-Streitschlichtung Die Europ\u00e4ische Kommission stellt eine Plattform zur Online-Streitbeilegung (OS) bereit: https:\/\/ec.europa.eu\/consumers\/odr.Unsere E-Mail-Adresse finden Sie oben [&hellip;]\" \/>\n<meta property=\"og:url\" content=\"https:\/\/husch-autoteile.de\/?page_id=1605\" \/>\n<meta property=\"og:site_name\" content=\"HUSCH - Ihr Profi f\u00fcr Autoteile und Commonrailsysteme | Forst | Karlsruhe | Bruchsal\" \/>\n<meta property=\"article:modified_time\" content=\"2021-01-31T19:41:51+00:00\" \/>\n<meta name=\"twitter:card\" content=\"summary_large_image\" \/>\n<meta name=\"twitter:label1\" content=\"Gesch\u00e4tzte Lesezeit\" \/>\n\t<meta name=\"twitter:data1\" content=\"2\u00a0Minuten\" \/>\n<script type=\"application\/ld+json\" class=\"yoast-schema-graph\">{\"@context\":\"https:\\\/\\\/schema.org\",\"@graph\":[{\"@type\":\"WebPage\",\"@id\":\"https:\\\/\\\/husch-autoteile.de\\\/?page_id=1605\",\"url\":\"https:\\\/\\\/husch-autoteile.de\\\/?page_id=1605\",\"name\":\"IMPRESSUM - HUSCH - Ihr Profi f\u00fcr Autoteile und Commonrailsysteme | Forst | Karlsruhe | Bruchsal\",\"isPartOf\":{\"@id\":\"https:\\\/\\\/husch-autoteile.de\\\/#website\"},\"datePublished\":\"2020-06-22T13:51:40+00:00\",\"dateModified\":\"2021-01-31T19:41:51+00:00\",\"breadcrumb\":{\"@id\":\"https:\\\/\\\/husch-autoteile.de\\\/?page_id=1605#breadcrumb\"},\"inLanguage\":\"de\",\"potentialAction\":[{\"@type\":\"ReadAction\",\"target\":[\"https:\\\/\\\/husch-autoteile.de\\\/?page_id=1605\"]}]},{\"@type\":\"BreadcrumbList\",\"@id\":\"https:\\\/\\\/husch-autoteile.de\\\/?page_id=1605#breadcrumb\",\"itemListElement\":[{\"@type\":\"ListItem\",\"position\":1,\"name\":\"Startseite\",\"item\":\"https:\\\/\\\/husch-autoteile.de\\\/\"},{\"@type\":\"ListItem\",\"position\":2,\"name\":\"KONTAKT\",\"item\":\"https:\\\/\\\/husch-autoteile.de\\\/?page_id=27\"},{\"@type\":\"ListItem\",\"position\":3,\"name\":\"IMPRESSUM\"}]},{\"@type\":\"WebSite\",\"@id\":\"https:\\\/\\\/husch-autoteile.de\\\/#website\",\"url\":\"https:\\\/\\\/husch-autoteile.de\\\/\",\"name\":\"HUSCH - Ihr Profi f\u00fcr Autoteile und Commonrailsysteme | Forst | Karlsruhe | Bruchsal\",\"description\":\"Autoteile von A-Z. Ihr Profipartner rund um KFZ Teile f\u00fcr Bruchsal, Forst, Mannheim, Karlsruhe\",\"publisher\":{\"@id\":\"https:\\\/\\\/husch-autoteile.de\\\/#organization\"},\"potentialAction\":[{\"@type\":\"SearchAction\",\"target\":{\"@type\":\"EntryPoint\",\"urlTemplate\":\"https:\\\/\\\/husch-autoteile.de\\\/?s={search_term_string}\"},\"query-input\":{\"@type\":\"PropertyValueSpecification\",\"valueRequired\":true,\"valueName\":\"search_term_string\"}}],\"inLanguage\":\"de\"},{\"@type\":\"Organization\",\"@id\":\"https:\\\/\\\/husch-autoteile.de\\\/#organization\",\"name\":\"HUSCH - Ihr Profi f\u00fcr Autoteile und Commonrailsysteme | Forst | Karlsruhe | Bruchsal\",\"url\":\"https:\\\/\\\/husch-autoteile.de\\\/\",\"logo\":{\"@type\":\"ImageObject\",\"inLanguage\":\"de\",\"@id\":\"https:\\\/\\\/husch-autoteile.de\\\/#\\\/schema\\\/logo\\\/image\\\/\",\"url\":\"https:\\\/\\\/husch-autoteile.de\\\/wp-content\\\/uploads\\\/2020\\\/05\\\/cropped-logo-HUSCH.png\",\"contentUrl\":\"https:\\\/\\\/husch-autoteile.de\\\/wp-content\\\/uploads\\\/2020\\\/05\\\/cropped-logo-HUSCH.png\",\"width\":611,\"height\":167,\"caption\":\"HUSCH - Ihr Profi f\u00fcr Autoteile und Commonrailsysteme | Forst | Karlsruhe | Bruchsal\"},\"image\":{\"@id\":\"https:\\\/\\\/husch-autoteile.de\\\/#\\\/schema\\\/logo\\\/image\\\/\"}}]}<\/script>\n<!-- \/ Yoast SEO plugin. -->","yoast_head_json":{"title":"IMPRESSUM - HUSCH - Ihr Profi f\u00fcr Autoteile und Commonrailsysteme | Forst | Karlsruhe | Bruchsal","robots":{"index":"index","follow":"follow","max-snippet":"max-snippet:-1","max-image-preview":"max-image-preview:large","max-video-preview":"max-video-preview:-1"},"canonical":"https:\/\/husch-autoteile.de\/?page_id=1605","og_locale":"de_DE","og_type":"article","og_title":"IMPRESSUM - HUSCH - Ihr Profi f\u00fcr Autoteile und Commonrailsysteme | Forst | Karlsruhe | Bruchsal","og_description":"Impressum Angaben gem\u00e4\u00df \u00a7 5 TMG Husch Autoteile Erich + Jochen Hinderer Gro\u00dfhandelsgesellschaft mbHCarl-Benz-Stra\u00dfe 476694 Forst Handelsregister: 230287Registergericht: Mannheim Vertreten durch:Erich HindererJochen Hinderer Kontakt Telefon: +49-(0)7251-12316Telefax: +49-(0)7251-84523E-Mail: info @ husch-autoteile.de Umsatzsteuer-ID Umsatzsteuer-Identifikationsnummer gem\u00e4\u00df \u00a7 27 a Umsatzsteuergesetz:DE143 087 662 EU-Streitschlichtung Die Europ\u00e4ische Kommission stellt eine Plattform zur Online-Streitbeilegung (OS) bereit: https:\/\/ec.europa.eu\/consumers\/odr.Unsere E-Mail-Adresse finden Sie oben [&hellip;]","og_url":"https:\/\/husch-autoteile.de\/?page_id=1605","og_site_name":"HUSCH - Ihr Profi f\u00fcr Autoteile und Commonrailsysteme | Forst | Karlsruhe | Bruchsal","article_modified_time":"2021-01-31T19:41:51+00:00","twitter_card":"summary_large_image","twitter_misc":{"Gesch\u00e4tzte Lesezeit":"2\u00a0Minuten"},"schema":{"@context":"https:\/\/schema.org","@graph":[{"@type":"WebPage","@id":"https:\/\/husch-autoteile.de\/?page_id=1605","url":"https:\/\/husch-autoteile.de\/?page_id=1605","name":"IMPRESSUM - HUSCH - Ihr Profi f\u00fcr Autoteile und Commonrailsysteme | Forst | Karlsruhe | Bruchsal","isPartOf":{"@id":"https:\/\/husch-autoteile.de\/#website"},"datePublished":"2020-06-22T13:51:40+00:00","dateModified":"2021-01-31T19:41:51+00:00","breadcrumb":{"@id":"https:\/\/husch-autoteile.de\/?page_id=1605#breadcrumb"},"inLanguage":"de","potentialAction":[{"@type":"ReadAction","target":["https:\/\/husch-autoteile.de\/?page_id=1605"]}]},{"@type":"BreadcrumbList","@id":"https:\/\/husch-autoteile.de\/?page_id=1605#breadcrumb","itemListElement":[{"@type":"ListItem","position":1,"name":"Startseite","item":"https:\/\/husch-autoteile.de\/"},{"@type":"ListItem","position":2,"name":"KONTAKT","item":"https:\/\/husch-autoteile.de\/?page_id=27"},{"@type":"ListItem","position":3,"name":"IMPRESSUM"}]},{"@type":"WebSite","@id":"https:\/\/husch-autoteile.de\/#website","url":"https:\/\/husch-autoteile.de\/","name":"HUSCH - Ihr Profi f\u00fcr Autoteile und Commonrailsysteme | Forst | Karlsruhe | Bruchsal","description":"Autoteile von A-Z. Ihr Profipartner rund um KFZ Teile f\u00fcr Bruchsal, Forst, Mannheim, Karlsruhe","publisher":{"@id":"https:\/\/husch-autoteile.de\/#organization"},"potentialAction":[{"@type":"SearchAction","target":{"@type":"EntryPoint","urlTemplate":"https:\/\/husch-autoteile.de\/?s={search_term_string}"},"query-input":{"@type":"PropertyValueSpecification","valueRequired":true,"valueName":"search_term_string"}}],"inLanguage":"de"},{"@type":"Organization","@id":"https:\/\/husch-autoteile.de\/#organization","name":"HUSCH - Ihr Profi f\u00fcr Autoteile und Commonrailsysteme | Forst | Karlsruhe | Bruchsal","url":"https:\/\/husch-autoteile.de\/","logo":{"@type":"ImageObject","inLanguage":"de","@id":"https:\/\/husch-autoteile.de\/#\/schema\/logo\/image\/","url":"https:\/\/husch-autoteile.de\/wp-content\/uploads\/2020\/05\/cropped-logo-HUSCH.png","contentUrl":"https:\/\/husch-autoteile.de\/wp-content\/uploads\/2020\/05\/cropped-logo-HUSCH.png","width":611,"height":167,"caption":"HUSCH - Ihr Profi f\u00fcr Autoteile und Commonrailsysteme | Forst | Karlsruhe | Bruchsal"},"image":{"@id":"https:\/\/husch-autoteile.de\/#\/schema\/logo\/image\/"}}]}},"_links":{"self":[{"href":"https:\/\/husch-autoteile.de\/index.php?rest_route=\/wp\/v2\/pages\/1605","targetHints":{"allow":["GET"]}}],"collection":[{"href":"https:\/\/husch-autoteile.de\/index.php?rest_route=\/wp\/v2\/pages"}],"about":[{"href":"https:\/\/husch-autoteile.de\/index.php?rest_route=\/wp\/v2\/types\/page"}],"author":[{"embeddable":true,"href":"https:\/\/husch-autoteile.de\/index.php?rest_route=\/wp\/v2\/users\/1"}],"replies":[{"embeddable":true,"href":"https:\/\/husch-autoteile.de\/index.php?rest_route=%2Fwp%2Fv2%2Fcomments&post=1605"}],"version-history":[{"count":10,"href":"https:\/\/husch-autoteile.de\/index.php?rest_route=\/wp\/v2\/pages\/1605\/revisions"}],"predecessor-version":[{"id":6091,"href":"https:\/\/husch-autoteile.de\/index.php?rest_route=\/wp\/v2\/pages\/1605\/revisions\/6091"}],"up":[{"embeddable":true,"href":"https:\/\/husch-autoteile.de\/index.php?rest_route=\/wp\/v2\/pages\/27"}],"wp:attachment":[{"href":"https:\/\/husch-autoteile.de\/index.php?rest_route=%2Fwp%2Fv2%2Fmedia&parent=1605"}],"curies":[{"name":"wp","href":"https:\/\/api.w.org\/{rel}","templated":true}]}}