{"id":1493,"date":"2020-06-22T13:07:51","date_gmt":"2020-06-22T13:07:51","guid":{"rendered":"https:\/\/husch-autoteile.de\/?page_id=1493"},"modified":"2021-03-03T23:39:58","modified_gmt":"2021-03-03T23:39:58","slug":"pruefung-injektoren","status":"publish","type":"page","link":"https:\/\/husch-autoteile.de\/?page_id=1493","title":{"rendered":"PR\u00dcFUNG INJEKTOREN"},"content":{"rendered":"\t\t<div data-elementor-type=\"wp-page\" data-elementor-id=\"1493\" class=\"elementor elementor-1493\" data-elementor-post-type=\"page\">\n\t\t\t\t\t\t<section class=\"elementor-section elementor-top-section elementor-element elementor-element-43296d5 elementor-section-boxed elementor-section-height-default elementor-section-height-default\" data-id=\"43296d5\" data-element_type=\"section\" data-e-type=\"section\">\n\t\t\t\t\t\t<div class=\"elementor-container elementor-column-gap-default\">\n\t\t\t\t\t<div class=\"elementor-column elementor-col-100 elementor-top-column elementor-element elementor-element-c169ab2\" data-id=\"c169ab2\" data-element_type=\"column\" data-e-type=\"column\">\n\t\t\t<div class=\"elementor-widget-wrap elementor-element-populated\">\n\t\t\t\t\t\t<div class=\"elementor-element elementor-element-be77527 elementor-widget elementor-widget-heading\" data-id=\"be77527\" data-element_type=\"widget\" data-e-type=\"widget\" data-widget_type=\"heading.default\">\n\t\t\t\t<div class=\"elementor-widget-container\">\n\t\t\t\t\t<h3 class=\"elementor-heading-title elementor-size-large\"><b>INJEKTOREN PR\u00dcFUNG<\/b> BEI HUSCH AUTOTEILE<\/h3>\t\t\t\t<\/div>\n\t\t\t\t<\/div>\n\t\t\t\t\t<\/div>\n\t\t<\/div>\n\t\t\t\t\t<\/div>\n\t\t<\/section>\n\t\t\t\t<section class=\"elementor-section elementor-top-section elementor-element elementor-element-4272627 elementor-section-boxed elementor-section-height-default elementor-section-height-default\" data-id=\"4272627\" data-element_type=\"section\" data-e-type=\"section\">\n\t\t\t\t\t\t<div class=\"elementor-container elementor-column-gap-default\">\n\t\t\t\t\t<div class=\"elementor-column elementor-col-100 elementor-top-column elementor-element elementor-element-09e237e\" data-id=\"09e237e\" data-element_type=\"column\" data-e-type=\"column\">\n\t\t\t<div class=\"elementor-widget-wrap elementor-element-populated\">\n\t\t\t\t\t\t<section class=\"elementor-section elementor-inner-section elementor-element elementor-element-c8c7fd0 elementor-section-boxed elementor-section-height-default elementor-section-height-default\" data-id=\"c8c7fd0\" data-element_type=\"section\" data-e-type=\"section\">\n\t\t\t\t\t\t<div class=\"elementor-container elementor-column-gap-default\">\n\t\t\t\t\t<div class=\"elementor-column elementor-col-50 elementor-inner-column elementor-element elementor-element-d476322\" data-id=\"d476322\" data-element_type=\"column\" data-e-type=\"column\">\n\t\t\t<div class=\"elementor-widget-wrap elementor-element-populated\">\n\t\t\t\t\t\t<div class=\"elementor-element elementor-element-68d9f50 elementor-widget elementor-widget-text-editor\" data-id=\"68d9f50\" data-element_type=\"widget\" data-e-type=\"widget\" data-widget_type=\"text-editor.default\">\n\t\t\t\t<div class=\"elementor-widget-container\">\n\t\t\t\t\t\t\t\t\t<p><strong>Wir pr\u00fcfen alle g\u00e4ngigen Injektoren von Fahrzeugen<\/strong><\/p><p>Damit ein Injektor und damit das gesamte Dieseleinspritzsystem korrekt arbeitet, muss die Einspritzd\u00fcse sowohl in elektrischer als auch in hydraulischer Hinsicht einwandfrei funktionieren. \u00dcber Letzteres geben die Istwerte zum Mengenausgleich, eine R\u00fccklaufmengenmessung, oder letztendlich eine Messung auf dem Pr\u00fcfstand, Aufschluss. Bei uns werden alle Injektoren sowohl mechanisch\u00a0 als auch elektrisch gepr\u00fcft.<\/p><p><strong>Sie wissen nicht ob Ihr Injektor tats\u00e4chlich defekt ist? Wir pr\u00fcfen ihn mit Pr\u00fcfprotokoll!<\/strong><\/p>\t\t\t\t\t\t\t\t<\/div>\n\t\t\t\t<\/div>\n\t\t\t\t\t<\/div>\n\t\t<\/div>\n\t\t\t\t<div class=\"elementor-column elementor-col-50 elementor-inner-column elementor-element elementor-element-3d2cc24\" data-id=\"3d2cc24\" data-element_type=\"column\" data-e-type=\"column\">\n\t\t\t<div class=\"elementor-widget-wrap elementor-element-populated\">\n\t\t\t\t\t\t<div class=\"elementor-element elementor-element-a020b9e elementor-widget elementor-widget-text-editor\" data-id=\"a020b9e\" data-element_type=\"widget\" data-e-type=\"widget\" data-widget_type=\"text-editor.default\">\n\t\t\t\t<div class=\"elementor-widget-container\">\n\t\t\t\t\t\t\t\t\t<p><strong>Lassen Sie ihre eigenen Injektoren bei uns pr\u00fcfen<\/strong><\/p><p>Wir verf\u00fcgen \u00fcber hauseigene Pr\u00fcfst\u00e4nde f\u00fcr alle Injektoren und Einspritzd\u00fcsen.<\/p><p>Senden Sie uns ihren Injektor mit ihren Kontaktdaten (Name, Tel., Adresse) an unsere Adresse oder bringen Sie die Injektoren direkt bei uns vorbei.<\/p><p>Nach der Pr\u00fcfung werden Sie von uns kontaktiert um die weitere Vorgehensweise zu besprechen. Sie haben die M\u00f6glichkeit eine Reparatur (wenn m\u00f6glich) oder einen Austauschinjektor bei uns zu erwerben. Zu jeder Pr\u00fcfung erhalten Sie ein Pr\u00fcfprotokoll.<\/p>\t\t\t\t\t\t\t\t<\/div>\n\t\t\t\t<\/div>\n\t\t\t\t\t<\/div>\n\t\t<\/div>\n\t\t\t\t\t<\/div>\n\t\t<\/section>\n\t\t\t\t\t<\/div>\n\t\t<\/div>\n\t\t\t\t\t<\/div>\n\t\t<\/section>\n\t\t\t\t<section class=\"elementor-section elementor-top-section elementor-element elementor-element-4fbec50 elementor-section-boxed elementor-section-height-default elementor-section-height-default\" data-id=\"4fbec50\" data-element_type=\"section\" data-e-type=\"section\">\n\t\t\t\t\t\t<div class=\"elementor-container elementor-column-gap-default\">\n\t\t\t\t\t<div class=\"elementor-column elementor-col-100 elementor-top-column elementor-element elementor-element-e68ed41\" data-id=\"e68ed41\" data-element_type=\"column\" data-e-type=\"column\">\n\t\t\t<div class=\"elementor-widget-wrap elementor-element-populated\">\n\t\t\t\t\t\t<div class=\"elementor-element elementor-element-dfcc82e elementor-align-center elementor-widget elementor-widget-button\" data-id=\"dfcc82e\" data-element_type=\"widget\" data-e-type=\"widget\" data-widget_type=\"button.default\">\n\t\t\t\t<div class=\"elementor-widget-container\">\n\t\t\t\t\t\t\t\t\t<div class=\"elementor-button-wrapper\">\n\t\t\t\t\t<a class=\"elementor-button elementor-button-link elementor-size-md\" href=\"tel:+49725184533\">\n\t\t\t\t\t\t<span class=\"elementor-button-content-wrapper\">\n\t\t\t\t\t\t\t\t\t<span class=\"elementor-button-text\">JETZT PR\u00dcFUNG BEAUFTRAGEN : Tel. 07251-84533<\/span>\n\t\t\t\t\t<\/span>\n\t\t\t\t\t<\/a>\n\t\t\t\t<\/div>\n\t\t\t\t\t\t\t\t<\/div>\n\t\t\t\t<\/div>\n\t\t\t\t\t<\/div>\n\t\t<\/div>\n\t\t\t\t\t<\/div>\n\t\t<\/section>\n\t\t\t\t<section class=\"elementor-section elementor-top-section elementor-element elementor-element-9642390 elementor-section-boxed elementor-section-height-default elementor-section-height-default\" data-id=\"9642390\" data-element_type=\"section\" data-e-type=\"section\">\n\t\t\t\t\t\t<div class=\"elementor-container elementor-column-gap-default\">\n\t\t\t\t\t<div class=\"elementor-column elementor-col-100 elementor-top-column elementor-element elementor-element-2ad0c33\" data-id=\"2ad0c33\" data-element_type=\"column\" data-e-type=\"column\">\n\t\t\t<div class=\"elementor-widget-wrap elementor-element-populated\">\n\t\t\t\t\t\t<div class=\"elementor-element elementor-element-b39cd61 elementor-skin-carousel elementor-arrows-yes elementor-pagination-type-bullets elementor-pagination-position-outside elementor-widget elementor-widget-media-carousel\" data-id=\"b39cd61\" data-element_type=\"widget\" data-e-type=\"widget\" data-settings=\"{&quot;skin&quot;:&quot;carousel&quot;,&quot;effect&quot;:&quot;slide&quot;,&quot;show_arrows&quot;:&quot;yes&quot;,&quot;pagination&quot;:&quot;bullets&quot;,&quot;speed&quot;:500,&quot;autoplay&quot;:&quot;yes&quot;,&quot;autoplay_speed&quot;:5000,&quot;loop&quot;:&quot;yes&quot;,&quot;pause_on_hover&quot;:&quot;yes&quot;,&quot;pause_on_interaction&quot;:&quot;yes&quot;,&quot;space_between&quot;:{&quot;unit&quot;:&quot;px&quot;,&quot;size&quot;:10,&quot;sizes&quot;:[]},&quot;space_between_tablet&quot;:{&quot;unit&quot;:&quot;px&quot;,&quot;size&quot;:10,&quot;sizes&quot;:[]},&quot;space_between_mobile&quot;:{&quot;unit&quot;:&quot;px&quot;,&quot;size&quot;:10,&quot;sizes&quot;:[]}}\" data-widget_type=\"media-carousel.default\">\n\t\t\t\t<div class=\"elementor-widget-container\">\n\t\t\t\t\t\t\t\t\t<div class=\"elementor-swiper\">\n\t\t\t\t\t<div class=\"elementor-main-swiper swiper\" role=\"region\" aria-roledescription=\"carousel\" aria-label=\"Slider\">\n\t\t\t\t<div class=\"swiper-wrapper\">\n\t\t\t\t\t\t\t\t\t\t\t<div class=\"swiper-slide\" role=\"group\" aria-roledescription=\"slide\">\n\t\t\t\t\t\t\t\t\t<div class=\"elementor-carousel-image\" role=\"img\" aria-label=\"Husch Autoteile Forst Bruchsal\" style=\"background-image: url(&#039;https:\/\/husch-autoteile.de\/wp-content\/uploads\/2021\/01\/bosch_injektor_piezo.png&#039;)\">\n\n\t\t\t\n\t\t\t\t\t<\/div>\n\t\t\t\t\t\t\t\t<\/div>\n\t\t\t\t\t\t\t\t\t\t\t<div class=\"swiper-slide\" role=\"group\" aria-roledescription=\"slide\">\n\t\t\t\t\t\t\t\t\t<div class=\"elementor-carousel-image\" role=\"img\" aria-label=\"Husch Autoteile Forst Bruchsal\" style=\"background-image: url(&#039;https:\/\/husch-autoteile.de\/wp-content\/uploads\/2021\/01\/bosch_injektor1.png&#039;)\">\n\n\t\t\t\n\t\t\t\t\t<\/div>\n\t\t\t\t\t\t\t\t<\/div>\n\t\t\t\t\t\t\t\t\t\t\t<div class=\"swiper-slide\" role=\"group\" aria-roledescription=\"slide\">\n\t\t\t\t\t\t\t\t\t<div class=\"elementor-carousel-image\" role=\"img\" aria-label=\"Husch Autoteile Forst Bruchsal\" style=\"background-image: url(&#039;https:\/\/husch-autoteile.de\/wp-content\/uploads\/2021\/01\/Bosch_injektor2.png&#039;)\">\n\n\t\t\t\n\t\t\t\t\t<\/div>\n\t\t\t\t\t\t\t\t<\/div>\n\t\t\t\t\t\t\t\t\t\t\t<div class=\"swiper-slide\" role=\"group\" aria-roledescription=\"slide\">\n\t\t\t\t\t\t\t\t\t<div class=\"elementor-carousel-image\" role=\"img\" aria-label=\"Husch Autoteile Forst Bruchsal\" style=\"background-image: url(&#039;https:\/\/husch-autoteile.de\/wp-content\/uploads\/2021\/01\/denso_injektor1.png&#039;)\">\n\n\t\t\t\n\t\t\t\t\t<\/div>\n\t\t\t\t\t\t\t\t<\/div>\n\t\t\t\t\t\t\t\t\t\t\t<div class=\"swiper-slide\" role=\"group\" aria-roledescription=\"slide\">\n\t\t\t\t\t\t\t\t\t<div class=\"elementor-carousel-image\" role=\"img\" aria-label=\"Husch Autoteile Forst Bruchsal\" style=\"background-image: url(&#039;https:\/\/husch-autoteile.de\/wp-content\/uploads\/2021\/01\/dephi_injektor1.png&#039;)\">\n\n\t\t\t\n\t\t\t\t\t<\/div>\n\t\t\t\t\t\t\t\t<\/div>\n\t\t\t\t\t\t\t\t\t<\/div>\n\t\t\t\t\t\t\t\t\t\t\t\t\t\t\t<div class=\"elementor-swiper-button elementor-swiper-button-prev\" role=\"button\" tabindex=\"0\" aria-label=\"Voriger\">\n\t\t\t\t\t\t\t<svg aria-hidden=\"true\" class=\"e-font-icon-svg e-eicon-chevron-left\" viewBox=\"0 0 1000 1000\" xmlns=\"http:\/\/www.w3.org\/2000\/svg\"><path d=\"M646 125C629 125 613 133 604 142L308 442C296 454 292 471 292 487 292 504 296 521 308 533L604 854C617 867 629 875 646 875 663 875 679 871 692 858 704 846 713 829 713 812 713 796 708 779 692 767L438 487 692 225C700 217 708 204 708 187 708 171 704 154 692 142 675 129 663 125 646 125Z\"><\/path><\/svg>\t\t\t\t\t\t<\/div>\n\t\t\t\t\t\t<div class=\"elementor-swiper-button elementor-swiper-button-next\" role=\"button\" tabindex=\"0\" aria-label=\"N\u00e4chster\">\n\t\t\t\t\t\t\t<svg aria-hidden=\"true\" class=\"e-font-icon-svg e-eicon-chevron-right\" viewBox=\"0 0 1000 1000\" xmlns=\"http:\/\/www.w3.org\/2000\/svg\"><path d=\"M696 533C708 521 713 504 713 487 713 471 708 454 696 446L400 146C388 133 375 125 354 125 338 125 325 129 313 142 300 154 292 171 292 187 292 204 296 221 308 233L563 492 304 771C292 783 288 800 288 817 288 833 296 850 308 863 321 871 338 875 354 875 371 875 388 867 400 854L696 533Z\"><\/path><\/svg>\t\t\t\t\t\t<\/div>\n\t\t\t\t\t\t\t\t\t\t\t\t\t\t\t\t<div class=\"swiper-pagination\"><\/div>\n\t\t\t\t\t\t\t\t\t\t\t\t<\/div>\n\t\t\t\t<\/div>\n\t\t\t\t\t\t\t\t<\/div>\n\t\t\t\t<\/div>\n\t\t\t\t\t<\/div>\n\t\t<\/div>\n\t\t\t\t\t<\/div>\n\t\t<\/section>\n\t\t\t\t<\/div>\n\t\t","protected":false},"excerpt":{"rendered":"<p>INJEKTOREN PR\u00dcFUNG BEI HUSCH AUTOTEILE Wir pr\u00fcfen alle g\u00e4ngigen Injektoren von Fahrzeugen Damit ein Injektor und damit das gesamte Dieseleinspritzsystem korrekt arbeitet, muss die Einspritzd\u00fcse sowohl in elektrischer als auch in hydraulischer Hinsicht einwandfrei funktionieren. \u00dcber Letzteres geben die Istwerte zum Mengenausgleich, eine R\u00fccklaufmengenmessung, oder letztendlich eine Messung auf dem Pr\u00fcfstand, Aufschluss. Bei uns werden [&hellip;]<\/p>\n","protected":false},"author":1,"featured_media":0,"parent":1477,"menu_order":0,"comment_status":"closed","ping_status":"closed","template":"home-panels.php","meta":{"_acf_changed":false,"footnotes":""},"class_list":["post-1493","page","type-page","status-publish","hentry","post"],"acf":[],"yoast_head":"<!-- This site is optimized with the Yoast SEO plugin v27.4 - https:\/\/yoast.com\/product\/yoast-seo-wordpress\/ -->\n<title>PR\u00dcFUNG INJEKTOREN - HUSCH - Ihr Profi f\u00fcr Autoteile und Commonrailsysteme | Forst | Karlsruhe | Bruchsal Einspritzd\u00fcsen Pr\u00fcfung,<\/title>\n<meta name=\"description\" content=\"Einspritzd\u00fcsen, Injektoren Pr\u00fcfung bei Husch Autoteile in Forst. Wir f\u00fchren alle g\u00e4ngigen Injektoren ab Lager, zu g\u00fcnstigen Preisen.\" \/>\n<meta name=\"robots\" content=\"index, follow, max-snippet:-1, max-image-preview:large, max-video-preview:-1\" \/>\n<link rel=\"canonical\" href=\"https:\/\/husch-autoteile.de\/?page_id=1493\" \/>\n<meta property=\"og:locale\" content=\"de_DE\" \/>\n<meta property=\"og:type\" content=\"article\" \/>\n<meta property=\"og:title\" content=\"PR\u00dcFUNG INJEKTOREN - HUSCH - Ihr Profi f\u00fcr Autoteile und Commonrailsysteme | Forst | Karlsruhe | Bruchsal Einspritzd\u00fcsen Pr\u00fcfung,\" \/>\n<meta property=\"og:description\" content=\"Einspritzd\u00fcsen, Injektoren Pr\u00fcfung bei Husch Autoteile in Forst. Wir f\u00fchren alle g\u00e4ngigen Injektoren ab Lager, zu g\u00fcnstigen Preisen.\" \/>\n<meta property=\"og:url\" content=\"https:\/\/husch-autoteile.de\/?page_id=1493\" \/>\n<meta property=\"og:site_name\" content=\"HUSCH - Ihr Profi f\u00fcr Autoteile und Commonrailsysteme | Forst | Karlsruhe | Bruchsal\" \/>\n<meta property=\"article:modified_time\" content=\"2021-03-03T23:39:58+00:00\" \/>\n<meta name=\"twitter:card\" content=\"summary_large_image\" \/>\n<meta name=\"twitter:label1\" content=\"Gesch\u00e4tzte Lesezeit\" \/>\n\t<meta name=\"twitter:data1\" content=\"1\u00a0Minute\" \/>\n<script type=\"application\/ld+json\" class=\"yoast-schema-graph\">{\"@context\":\"https:\\\/\\\/schema.org\",\"@graph\":[{\"@type\":\"WebPage\",\"@id\":\"https:\\\/\\\/husch-autoteile.de\\\/?page_id=1493\",\"url\":\"https:\\\/\\\/husch-autoteile.de\\\/?page_id=1493\",\"name\":\"PR\u00dcFUNG INJEKTOREN - HUSCH - Ihr Profi f\u00fcr Autoteile und Commonrailsysteme | Forst | Karlsruhe | Bruchsal Einspritzd\u00fcsen Pr\u00fcfung,\",\"isPartOf\":{\"@id\":\"https:\\\/\\\/husch-autoteile.de\\\/#website\"},\"datePublished\":\"2020-06-22T13:07:51+00:00\",\"dateModified\":\"2021-03-03T23:39:58+00:00\",\"description\":\"Einspritzd\u00fcsen, Injektoren Pr\u00fcfung bei Husch Autoteile in Forst. Wir f\u00fchren alle g\u00e4ngigen Injektoren ab Lager, zu g\u00fcnstigen Preisen.\",\"breadcrumb\":{\"@id\":\"https:\\\/\\\/husch-autoteile.de\\\/?page_id=1493#breadcrumb\"},\"inLanguage\":\"de\",\"potentialAction\":[{\"@type\":\"ReadAction\",\"target\":[\"https:\\\/\\\/husch-autoteile.de\\\/?page_id=1493\"]}]},{\"@type\":\"BreadcrumbList\",\"@id\":\"https:\\\/\\\/husch-autoteile.de\\\/?page_id=1493#breadcrumb\",\"itemListElement\":[{\"@type\":\"ListItem\",\"position\":1,\"name\":\"Startseite\",\"item\":\"https:\\\/\\\/husch-autoteile.de\\\/\"},{\"@type\":\"ListItem\",\"position\":2,\"name\":\"STARTSEITE\",\"item\":\"https:\\\/\\\/husch-autoteile.de\\\/\"},{\"@type\":\"ListItem\",\"position\":3,\"name\":\"PR\u00dcFUNG INJEKTOREN\"}]},{\"@type\":\"WebSite\",\"@id\":\"https:\\\/\\\/husch-autoteile.de\\\/#website\",\"url\":\"https:\\\/\\\/husch-autoteile.de\\\/\",\"name\":\"HUSCH - Ihr Profi f\u00fcr Autoteile und Commonrailsysteme | Forst | Karlsruhe | Bruchsal\",\"description\":\"Autoteile von A-Z. Ihr Profipartner rund um KFZ Teile f\u00fcr Bruchsal, Forst, Mannheim, Karlsruhe\",\"publisher\":{\"@id\":\"https:\\\/\\\/husch-autoteile.de\\\/#organization\"},\"potentialAction\":[{\"@type\":\"SearchAction\",\"target\":{\"@type\":\"EntryPoint\",\"urlTemplate\":\"https:\\\/\\\/husch-autoteile.de\\\/?s={search_term_string}\"},\"query-input\":{\"@type\":\"PropertyValueSpecification\",\"valueRequired\":true,\"valueName\":\"search_term_string\"}}],\"inLanguage\":\"de\"},{\"@type\":\"Organization\",\"@id\":\"https:\\\/\\\/husch-autoteile.de\\\/#organization\",\"name\":\"HUSCH - Ihr Profi f\u00fcr Autoteile und Commonrailsysteme | Forst | Karlsruhe | Bruchsal\",\"url\":\"https:\\\/\\\/husch-autoteile.de\\\/\",\"logo\":{\"@type\":\"ImageObject\",\"inLanguage\":\"de\",\"@id\":\"https:\\\/\\\/husch-autoteile.de\\\/#\\\/schema\\\/logo\\\/image\\\/\",\"url\":\"https:\\\/\\\/husch-autoteile.de\\\/wp-content\\\/uploads\\\/2020\\\/05\\\/cropped-logo-HUSCH.png\",\"contentUrl\":\"https:\\\/\\\/husch-autoteile.de\\\/wp-content\\\/uploads\\\/2020\\\/05\\\/cropped-logo-HUSCH.png\",\"width\":611,\"height\":167,\"caption\":\"HUSCH - Ihr Profi f\u00fcr Autoteile und Commonrailsysteme | Forst | Karlsruhe | Bruchsal\"},\"image\":{\"@id\":\"https:\\\/\\\/husch-autoteile.de\\\/#\\\/schema\\\/logo\\\/image\\\/\"}}]}<\/script>\n<!-- \/ Yoast SEO plugin. -->","yoast_head_json":{"title":"PR\u00dcFUNG INJEKTOREN - HUSCH - Ihr Profi f\u00fcr Autoteile und Commonrailsysteme | Forst | Karlsruhe | Bruchsal Einspritzd\u00fcsen Pr\u00fcfung,","description":"Einspritzd\u00fcsen, Injektoren Pr\u00fcfung bei Husch Autoteile in Forst. Wir f\u00fchren alle g\u00e4ngigen Injektoren ab Lager, zu g\u00fcnstigen Preisen.","robots":{"index":"index","follow":"follow","max-snippet":"max-snippet:-1","max-image-preview":"max-image-preview:large","max-video-preview":"max-video-preview:-1"},"canonical":"https:\/\/husch-autoteile.de\/?page_id=1493","og_locale":"de_DE","og_type":"article","og_title":"PR\u00dcFUNG INJEKTOREN - HUSCH - Ihr Profi f\u00fcr Autoteile und Commonrailsysteme | Forst | Karlsruhe | Bruchsal Einspritzd\u00fcsen Pr\u00fcfung,","og_description":"Einspritzd\u00fcsen, Injektoren Pr\u00fcfung bei Husch Autoteile in Forst. Wir f\u00fchren alle g\u00e4ngigen Injektoren ab Lager, zu g\u00fcnstigen Preisen.","og_url":"https:\/\/husch-autoteile.de\/?page_id=1493","og_site_name":"HUSCH - Ihr Profi f\u00fcr Autoteile und Commonrailsysteme | Forst | Karlsruhe | Bruchsal","article_modified_time":"2021-03-03T23:39:58+00:00","twitter_card":"summary_large_image","twitter_misc":{"Gesch\u00e4tzte Lesezeit":"1\u00a0Minute"},"schema":{"@context":"https:\/\/schema.org","@graph":[{"@type":"WebPage","@id":"https:\/\/husch-autoteile.de\/?page_id=1493","url":"https:\/\/husch-autoteile.de\/?page_id=1493","name":"PR\u00dcFUNG INJEKTOREN - HUSCH - Ihr Profi f\u00fcr Autoteile und Commonrailsysteme | Forst | Karlsruhe | Bruchsal Einspritzd\u00fcsen Pr\u00fcfung,","isPartOf":{"@id":"https:\/\/husch-autoteile.de\/#website"},"datePublished":"2020-06-22T13:07:51+00:00","dateModified":"2021-03-03T23:39:58+00:00","description":"Einspritzd\u00fcsen, Injektoren Pr\u00fcfung bei Husch Autoteile in Forst. Wir f\u00fchren alle g\u00e4ngigen Injektoren ab Lager, zu g\u00fcnstigen Preisen.","breadcrumb":{"@id":"https:\/\/husch-autoteile.de\/?page_id=1493#breadcrumb"},"inLanguage":"de","potentialAction":[{"@type":"ReadAction","target":["https:\/\/husch-autoteile.de\/?page_id=1493"]}]},{"@type":"BreadcrumbList","@id":"https:\/\/husch-autoteile.de\/?page_id=1493#breadcrumb","itemListElement":[{"@type":"ListItem","position":1,"name":"Startseite","item":"https:\/\/husch-autoteile.de\/"},{"@type":"ListItem","position":2,"name":"STARTSEITE","item":"https:\/\/husch-autoteile.de\/"},{"@type":"ListItem","position":3,"name":"PR\u00dcFUNG INJEKTOREN"}]},{"@type":"WebSite","@id":"https:\/\/husch-autoteile.de\/#website","url":"https:\/\/husch-autoteile.de\/","name":"HUSCH - Ihr Profi f\u00fcr Autoteile und Commonrailsysteme | Forst | Karlsruhe | Bruchsal","description":"Autoteile von A-Z. Ihr Profipartner rund um KFZ Teile f\u00fcr Bruchsal, Forst, Mannheim, Karlsruhe","publisher":{"@id":"https:\/\/husch-autoteile.de\/#organization"},"potentialAction":[{"@type":"SearchAction","target":{"@type":"EntryPoint","urlTemplate":"https:\/\/husch-autoteile.de\/?s={search_term_string}"},"query-input":{"@type":"PropertyValueSpecification","valueRequired":true,"valueName":"search_term_string"}}],"inLanguage":"de"},{"@type":"Organization","@id":"https:\/\/husch-autoteile.de\/#organization","name":"HUSCH - Ihr Profi f\u00fcr Autoteile und Commonrailsysteme | Forst | Karlsruhe | Bruchsal","url":"https:\/\/husch-autoteile.de\/","logo":{"@type":"ImageObject","inLanguage":"de","@id":"https:\/\/husch-autoteile.de\/#\/schema\/logo\/image\/","url":"https:\/\/husch-autoteile.de\/wp-content\/uploads\/2020\/05\/cropped-logo-HUSCH.png","contentUrl":"https:\/\/husch-autoteile.de\/wp-content\/uploads\/2020\/05\/cropped-logo-HUSCH.png","width":611,"height":167,"caption":"HUSCH - Ihr Profi f\u00fcr Autoteile und Commonrailsysteme | Forst | Karlsruhe | Bruchsal"},"image":{"@id":"https:\/\/husch-autoteile.de\/#\/schema\/logo\/image\/"}}]}},"_links":{"self":[{"href":"https:\/\/husch-autoteile.de\/index.php?rest_route=\/wp\/v2\/pages\/1493","targetHints":{"allow":["GET"]}}],"collection":[{"href":"https:\/\/husch-autoteile.de\/index.php?rest_route=\/wp\/v2\/pages"}],"about":[{"href":"https:\/\/husch-autoteile.de\/index.php?rest_route=\/wp\/v2\/types\/page"}],"author":[{"embeddable":true,"href":"https:\/\/husch-autoteile.de\/index.php?rest_route=\/wp\/v2\/users\/1"}],"replies":[{"embeddable":true,"href":"https:\/\/husch-autoteile.de\/index.php?rest_route=%2Fwp%2Fv2%2Fcomments&post=1493"}],"version-history":[{"count":21,"href":"https:\/\/husch-autoteile.de\/index.php?rest_route=\/wp\/v2\/pages\/1493\/revisions"}],"predecessor-version":[{"id":40899,"href":"https:\/\/husch-autoteile.de\/index.php?rest_route=\/wp\/v2\/pages\/1493\/revisions\/40899"}],"up":[{"embeddable":true,"href":"https:\/\/husch-autoteile.de\/index.php?rest_route=\/wp\/v2\/pages\/1477"}],"wp:attachment":[{"href":"https:\/\/husch-autoteile.de\/index.php?rest_route=%2Fwp%2Fv2%2Fmedia&parent=1493"}],"curies":[{"name":"wp","href":"https:\/\/api.w.org\/{rel}","templated":true}]}}